{"id":31,"date":"2025-09-10T12:54:43","date_gmt":"2025-09-10T12:54:43","guid":{"rendered":"https:\/\/yinyang-wellness.de\/ueber\/"},"modified":"2025-11-13T11:14:03","modified_gmt":"2025-11-13T11:14:03","slug":"ueber","status":"publish","type":"page","link":"https:\/\/yinyang-wellness.de\/zh\/ueber\/","title":{"rendered":"\u00dcber"},"content":{"rendered":"<div class=\"wp-block-group alignfull has-background-background-color has-background has-global-padding is-layout-constrained wp-container-core-group-is-layout-7276a2bb wp-block-group-is-layout-constrained\" id=\"ueber-uns\" style=\"margin-top:0;margin-bottom:0;padding-top:var(--wp--preset--spacing--60);padding-right:var(--wp--preset--spacing--30);padding-bottom:var(--wp--preset--spacing--60);padding-left:var(--wp--preset--spacing--30)\">\n<div class=\"wp-block-columns alignwide is-layout-flex wp-container-core-columns-is-layout-47c06fe3 wp-block-columns-is-layout-flex\">\n<div class=\"wp-block-column is-layout-flow wp-container-core-column-is-layout-119bc444 wp-block-column-is-layout-flow\" style=\"flex-basis:60%\">\n<h2 class=\"wp-block-heading\">Balance erleben mit Yin-Yang-Wellness<\/h2>\n\n\n\n<p class=\"has-medium-font-size\" style=\"margin-top:16px\">Yin-Yang-Wellness in Dillingen f\u00f6rdert Gesundheit und Wohlbefinden durch individuell abgestimmte Behandlungen, die auf den Prinzipien von Yin-Yang und Yangsheng basieren.<\/p>\n<\/div>\n\n\n\n<div class=\"wp-block-column is-vertically-aligned-top is-layout-flow wp-container-core-column-is-layout-f5bb311e wp-block-column-is-layout-flow\" style=\"flex-basis:50%\"><\/div>\n<\/div>\n\n\n\n<div class=\"wp-block-cover alignwide\" style=\"border-radius:1.5rem;min-height:30vh;aspect-ratio:unset;\"><img loading=\"lazy\" decoding=\"async\" width=\"960\" height=\"1440\" class=\"wp-block-cover__image-background wp-image-65\" alt=\"\" src=\"https:\/\/yinyang-wellness.de\/wp-content\/uploads\/2025\/10\/30b667907491448ef8a0cde510205273915b320f.jpg\" data-object-fit=\"cover\" srcset=\"https:\/\/yinyang-wellness.de\/wp-content\/uploads\/2025\/10\/30b667907491448ef8a0cde510205273915b320f.jpg 960w, https:\/\/yinyang-wellness.de\/wp-content\/uploads\/2025\/10\/30b667907491448ef8a0cde510205273915b320f-200x300.jpg 200w, https:\/\/yinyang-wellness.de\/wp-content\/uploads\/2025\/10\/30b667907491448ef8a0cde510205273915b320f-683x1024.jpg 683w, https:\/\/yinyang-wellness.de\/wp-content\/uploads\/2025\/10\/30b667907491448ef8a0cde510205273915b320f-768x1152.jpg 768w\" sizes=\"auto, (max-width: 960px) 100vw, 960px\" \/><span aria-hidden=\"true\" class=\"wp-block-cover__background has-background-dim-0 has-background-dim\"><\/span><div class=\"wp-block-cover__inner-container is-layout-flow wp-block-cover-is-layout-flow\">\n<div style=\"height:100px\" aria-hidden=\"true\" class=\"wp-block-spacer\"><\/div>\n<\/div><\/div>\n<\/div>\n\n\n\n<div class=\"wp-block-group alignfull has-tertiary-background-color has-background has-global-padding is-layout-constrained wp-container-core-group-is-layout-7276a2bb wp-block-group-is-layout-constrained\" id=\"team\" style=\"margin-top:0;margin-bottom:0;padding-top:var(--wp--preset--spacing--60);padding-right:var(--wp--preset--spacing--30);padding-bottom:var(--wp--preset--spacing--60);padding-left:var(--wp--preset--spacing--30)\">\n<div class=\"wp-block-group alignwide is-vertical is-layout-flex wp-container-core-group-is-layout-fe9cc265 wp-block-group-is-layout-flex\">\n<div class=\"wp-block-group alignwide has-global-padding is-content-justification-left is-layout-constrained wp-container-core-group-is-layout-8b4c372c wp-block-group-is-layout-constrained\">\n<h2 class=\"wp-block-heading\" style=\"margin-top:12px\">Ihr R\u00fcckzugsort f\u00fcr Balance und Harmonie<\/h2>\n\n\n\n<p class=\"has-medium-font-size\" style=\"margin-top:16px\">Lernen Sie unser engagiertes Team kennen, das Ihre Gesundheit und Ihr Wohlbefinden f\u00f6rdert.<\/p>\n<\/div>\n<\/div>\n\n\n\n<div class=\"wp-block-columns alignwide is-layout-flex wp-container-core-columns-is-layout-28f84493 wp-block-columns-is-layout-flex\">\n<div class=\"wp-block-column is-layout-flow wp-container-core-column-is-layout-f5bb311e wp-block-column-is-layout-flow\">\n<div class=\"wp-block-columns has-background-background-color has-background is-layout-flex wp-container-core-columns-is-layout-d47a2335 wp-block-columns-is-layout-flex\" style=\"border-radius:1.5rem;padding-top:1.5rem;padding-right:1.5rem;padding-bottom:1.5rem;padding-left:1.5rem\">\n<div class=\"wp-block-column is-layout-flow wp-block-column-is-layout-flow\" style=\"flex-basis:40%\">\n<figure class=\"wp-block-image size-large has-custom-border is-style-default\"><img loading=\"lazy\" decoding=\"async\" width=\"683\" height=\"1024\" src=\"https:\/\/yinyang-wellness.de\/wp-content\/uploads\/2025\/10\/6C2CB1EF-ADEC-47C1-BDB4-F881BEDAED1C-683x1024.jpg\" alt=\"\" class=\"wp-image-114\" style=\"border-radius:1.5rem;aspect-ratio:1;object-fit:cover\" srcset=\"https:\/\/yinyang-wellness.de\/wp-content\/uploads\/2025\/10\/6C2CB1EF-ADEC-47C1-BDB4-F881BEDAED1C-683x1024.jpg 683w, https:\/\/yinyang-wellness.de\/wp-content\/uploads\/2025\/10\/6C2CB1EF-ADEC-47C1-BDB4-F881BEDAED1C-200x300.jpg 200w, https:\/\/yinyang-wellness.de\/wp-content\/uploads\/2025\/10\/6C2CB1EF-ADEC-47C1-BDB4-F881BEDAED1C-768x1152.jpg 768w, https:\/\/yinyang-wellness.de\/wp-content\/uploads\/2025\/10\/6C2CB1EF-ADEC-47C1-BDB4-F881BEDAED1C.jpg 1024w\" sizes=\"auto, (max-width: 683px) 100vw, 683px\" \/><\/figure>\n<\/div>\n\n\n\n<div class=\"wp-block-column is-layout-flow wp-block-column-is-layout-flow\" style=\"padding-top:var(--wp--preset--spacing--20);padding-bottom:var(--wp--preset--spacing--20)\">\n<h4 class=\"wp-block-heading\" style=\"font-size:clamp(15.747px, 0.984rem + ((1vw - 3.2px) * 0.86), 24px);\">Quiyun<\/h4>\n\n\n\n<p class=\"has-primary-color has-text-color has-small-font-size\" style=\"margin-top:4px\">Gesch\u00e4ftsf\u00fchrerin, Wellness-Therapeutin<\/p>\n\n\n\n<p class=\"has-small-font-size\" style=\"margin-top:12px\">Mit vielen Jahren Erfahrung verbindet sie traditionelle Methoden mit moderner Wellness.<\/p>\n<\/div>\n<\/div>\n<\/div>\n\n\n\n<div class=\"wp-block-column is-layout-flow wp-container-core-column-is-layout-f5bb311e wp-block-column-is-layout-flow\">\n<div class=\"wp-block-columns has-background-background-color has-background is-layout-flex wp-container-core-columns-is-layout-d47a2335 wp-block-columns-is-layout-flex\" style=\"border-radius:1.5rem;padding-top:1.5rem;padding-right:1.5rem;padding-bottom:1.5rem;padding-left:1.5rem\">\n<div class=\"wp-block-column is-layout-flow wp-block-column-is-layout-flow\" style=\"flex-basis:40%\">\n<figure class=\"wp-block-image size-large has-custom-border is-style-default\"><img loading=\"lazy\" decoding=\"async\" width=\"683\" height=\"1024\" src=\"https:\/\/yinyang-wellness.de\/wp-content\/uploads\/2025\/10\/5B172BA3-D3CA-4ECD-ACBE-95DF804C5C1B-683x1024.jpg\" alt=\"\" class=\"wp-image-115\" style=\"border-radius:1.5rem;aspect-ratio:1;object-fit:cover\" srcset=\"https:\/\/yinyang-wellness.de\/wp-content\/uploads\/2025\/10\/5B172BA3-D3CA-4ECD-ACBE-95DF804C5C1B-683x1024.jpg 683w, https:\/\/yinyang-wellness.de\/wp-content\/uploads\/2025\/10\/5B172BA3-D3CA-4ECD-ACBE-95DF804C5C1B-200x300.jpg 200w, https:\/\/yinyang-wellness.de\/wp-content\/uploads\/2025\/10\/5B172BA3-D3CA-4ECD-ACBE-95DF804C5C1B-768x1152.jpg 768w, https:\/\/yinyang-wellness.de\/wp-content\/uploads\/2025\/10\/5B172BA3-D3CA-4ECD-ACBE-95DF804C5C1B.jpg 1024w\" sizes=\"auto, (max-width: 683px) 100vw, 683px\" \/><\/figure>\n<\/div>\n\n\n\n<div class=\"wp-block-column is-layout-flow wp-block-column-is-layout-flow\" style=\"padding-top:var(--wp--preset--spacing--20);padding-bottom:var(--wp--preset--spacing--20)\">\n<h4 class=\"wp-block-heading has-text-align-left\" style=\"font-size:clamp(15.747px, 0.984rem + ((1vw - 3.2px) * 0.86), 24px);\">Flo<\/h4>\n\n\n\n<p class=\"has-text-align-left has-primary-color has-text-color has-small-font-size\" style=\"margin-top:4px\">Gesch\u00e4ftsf\u00fchrer, (Ern\u00e4hrungs-)Berater<\/p>\n\n\n\n<p class=\"has-small-font-size\" style=\"margin-top:12px\">Er kombiniert tiefgehende Kenntnisse mit innovativen Techniken f\u00fcr nachhaltige Balance.<\/p>\n<\/div>\n<\/div>\n<\/div>\n<\/div>\n<\/div>\n\n\n\n<div class=\"wp-block-group alignfull has-background-background-color has-background has-global-padding is-layout-constrained wp-container-core-group-is-layout-fb85e995 wp-block-group-is-layout-constrained\" id=\"referenzen\" style=\"margin-top:0;margin-bottom:0;padding-top:var(--wp--preset--spacing--60);padding-right:var(--wp--preset--spacing--30);padding-bottom:var(--wp--preset--spacing--60);padding-left:var(--wp--preset--spacing--30)\">\n<div class=\"wp-block-group alignwide has-global-padding is-content-justification-center is-layout-constrained wp-block-group-is-layout-constrained\">\n<h2 class=\"wp-block-heading has-text-align-center has-large-font-size\">Massgeschneiderte Wellnessmomente f\u00fcr Ihre innere Balance<\/h2>\n\n\n\n<p class=\"has-text-align-center\" style=\"margin-top:16px\">Erfahren Sie, wie unsere G\u00e4ste durch unsere Behandlungen neue Lebensenergie und Entspannung gefunden haben.<\/p>\n<\/div>\n\n\n\n<div class=\"wp-block-columns alignwide is-layout-flex wp-container-core-columns-is-layout-28f84493 wp-block-columns-is-layout-flex\">\n<div class=\"wp-block-column is-layout-flow wp-block-column-is-layout-flow\">\n<div class=\"wp-block-group has-tertiary-background-color has-background has-global-padding is-layout-constrained wp-container-core-group-is-layout-a35945ca wp-block-group-is-layout-constrained\" style=\"border-radius:1rem;padding-top:var(--wp--preset--spacing--30);padding-right:var(--wp--preset--spacing--30);padding-bottom:var(--wp--preset--spacing--30);padding-left:var(--wp--preset--spacing--30)\">\n<figure class=\"wp-block-image size-large wp-duotone-primary-foreground\"><img decoding=\"async\" src=\"data:image\/svg+xml;base64,PHN2ZyB4bWxucz0iaHR0cDovL3d3dy53My5vcmcvMjAwMC9zdmciIHdpZHRoPSIxMTYiIGhlaWdodD0iMTkiIGZpbGw9Im5vbmUiIHZpZXdCb3g9IjAgMCAxMTYgMTkiPjxnIGNsaXAtcGF0aD0idXJsKCNhKSI+PHBhdGggZmlsbD0iIzAwMCIgZD0iTTkuMDcuNjEyYy4zNDUtLjgxNiAxLjUxNS0uODE2IDEuODYgMGwyLjAyOCA0LjgyYy4xNDUuMzQzLjQ3My41NzkuODQ5LjYwOGw1LjI2Ni40MTdjLjg5Mi4wNzEgMS4yNTQgMS4xNzEuNTc0IDEuNzQ2TDE1LjYzNSAxMS42YS45ODcuOTg3IDAgMCAwLS4zMjQuOTg1bDEuMjI1IDUuMDc3Yy4yMDguODYtLjc0IDEuNTQtMS41MDMgMS4wOGwtNC41MDgtMi43MjFhMS4wMTYgMS4wMTYgMCAwIDAtMS4wNSAwbC00LjUwOCAyLjcyYy0uNzY0LjQ2MS0xLjcxMS0uMjE5LTEuNTAzLTEuMDc5bDEuMjI1LTUuMDc3YS45ODcuOTg3IDAgMCAwLS4zMjQtLjk4NUwuMzUzIDguMjAzYy0uNjgtLjU3NS0uMzE4LTEuNjc1LjU3NC0xLjc0Nmw1LjI2Ni0uNDE3Yy4zNzctLjAzLjcwNC0uMjY1Ljg1LS42MDlMOS4wNy42MTJabTI0IDBjLjM0NS0uODE2IDEuNTE1LS44MTYgMS44NiAwbDIuMDI4IDQuODJjLjE0NS4zNDMuNDczLjU3OS44NDkuNjA4bDUuMjY2LjQxN2MuODkyLjA3MSAxLjI1NCAxLjE3MS41NzQgMS43NDZMMzkuNjM1IDExLjZhLjk4Ny45ODcgMCAwIDAtLjMyNS45ODVsMS4yMjYgNS4wNzdjLjIwOC44Ni0uNzQgMS41NC0xLjUwMyAxLjA4bC00LjUwOC0yLjcyMWExLjAxNiAxLjAxNiAwIDAgMC0xLjA1IDBsLTQuNTA4IDIuNzJjLS43NjQuNDYxLTEuNzExLS4yMTktMS41MDMtMS4wNzlsMS4yMjUtNS4wNzdhLjk4Ny45ODcgMCAwIDAtLjMyNC0uOTg1bC00LjAxMi0zLjM5NmMtLjY4LS41NzUtLjMxOC0xLjY3NS41NzQtMS43NDZsNS4yNjYtLjQxN2MuMzc2LS4wMy43MDQtLjI2NS44NDktLjYwOWwyLjAyOS00LjgyWm0yNCAwYy4zNDQtLjgxNiAxLjUxNS0uODE2IDEuODU5IDBsMi4wMjkgNC44MmMuMTQ1LjM0My40NzMuNTc5Ljg0OS42MDhsNS4yNjYuNDE3Yy44OTIuMDcxIDEuMjU0IDEuMTcxLjU3NCAxLjc0Nkw2My42MzUgMTEuNmEuOTg3Ljk4NyAwIDAgMC0uMzI1Ljk4NWwxLjIyNiA1LjA3N2MuMjA4Ljg2LS43NCAxLjU0LTEuNTAzIDEuMDhsLTQuNTA5LTIuNzIxYTEuMDE2IDEuMDE2IDAgMCAwLTEuMDQ5IDBsLTQuNTA4IDIuNzJjLS43NjQuNDYxLTEuNzExLS4yMTktMS41MDMtMS4wNzlsMS4yMjUtNS4wNzdhLjk4Ny45ODcgMCAwIDAtLjMyNC0uOTg1bC00LjAxMi0zLjM5NmMtLjY4LS41NzUtLjMxOC0xLjY3NS41NzQtMS43NDZsNS4yNjYtLjQxN2MuMzc2LS4wMy43MDQtLjI2NS44NDktLjYwOWwyLjAyOS00LjgyWm0yNCAwYy4zNDUtLjgxNiAxLjUxNS0uODE2IDEuODU5IDBsMi4wMjkgNC44MmMuMTQ1LjM0My40NzIuNTc5Ljg0OS42MDhsNS4yNjYuNDE3Yy44OTIuMDcxIDEuMjU0IDEuMTcxLjU3NCAxLjc0Nkw4Ny42MzUgMTEuNmEuOTg3Ljk4NyAwIDAgMC0uMzI1Ljk4NWwxLjIyNiA1LjA3N2MuMjA4Ljg2LS43NCAxLjU0LTEuNTAzIDEuMDhsLTQuNTA5LTIuNzIxYTEuMDE2IDEuMDE2IDAgMCAwLTEuMDQ5IDBsLTQuNTA4IDIuNzJjLS43NjQuNDYxLTEuNzExLS4yMTktMS41MDQtMS4wNzlsMS4yMjYtNS4wNzdhLjk4Ny45ODcgMCAwIDAtLjMyNC0uOTg1bC00LjAxMi0zLjM5NmMtLjY4LS41NzUtLjMxOC0xLjY3NS41NzQtMS43NDZsNS4yNjYtLjQxN2MuMzc2LS4wMy43MDQtLjI2NS44NDktLjYwOUw4MS4wNy42MTJabTI0LjAwMSAwYy4zNDMtLjgxNiAxLjUxNC0uODE2IDEuODU4IDBsMi4wMjkgNC44MmMuMTQ1LjM0My40NzIuNTc5Ljg0OC42MDhsNS4yNjYuNDE3Yy44OTMuMDcxIDEuMjU0IDEuMTcxLjU3NSAxLjc0NmwtNC4wMTIgMy4zOTZhLjk4OC45ODggMCAwIDAtLjMyNS45ODVsMS4yMjYgNS4wNzdjLjIwOC44Ni0uNzM5IDEuNTQtMS41MDMgMS4wOGwtNC41MDktMi43MjFhMS4wMTYgMS4wMTYgMCAwIDAtMS4wNDkgMGwtNC41MDggMi43MmMtLjc2NC40NjEtMS43MTEtLjIxOS0xLjUwNC0xLjA3OWwxLjIyNi01LjA3N2EuOTg1Ljk4NSAwIDAgMC0uMzI0LS45ODVsLTQuMDEyLTMuMzk2Yy0uNjgtLjU3NS0uMzE4LTEuNjc1LjU3NC0xLjc0Nmw1LjI2Ni0uNDE3Yy4zNzYtLjAzLjcwNC0uMjY1Ljg0OS0uNjA5bDIuMDI5LTQuODE5WiIvPjwvZz48ZGVmcz48Y2xpcFBhdGggaWQ9ImEiPjxwYXRoIGZpbGw9IiNmZmYiIGQ9Ik0wIDBoMTE2djE4Ljg4OUgweiIvPjwvY2xpcFBhdGg+PC9kZWZzPjwvc3ZnPg==\" alt=\"\"\/><\/figure>\n\n\n\n<p style=\"margin-top:var(--wp--preset--spacing--20);font-style:normal;font-weight:500\">Die Massage bei Yin-Yang-Wellness hat mir geholfen, K\u00f6rper und Geist wieder in Einklang zu bringen.<\/p>\n\n\n\n<div class=\"wp-block-group is-nowrap is-layout-flex wp-container-core-group-is-layout-3b4e9d3e wp-block-group-is-layout-flex\">\n<figure class=\"wp-block-image aligncenter is-style-rounded\"><img loading=\"lazy\" decoding=\"async\" width=\"64\" height=\"64\" src=\"https:\/\/yinyang-wellness.de\/wp-content\/uploads\/2025\/10\/53ae4fa5fb3dff0a42931a299d4ef29d1634d968.jpg\" alt=\"\" class=\"wp-image-70\" style=\"aspect-ratio:1;object-fit:cover\"\/><\/figure>\n\n\n\n<div class=\"wp-block-group has-global-padding is-layout-constrained wp-block-group-is-layout-constrained\">\n<h4 class=\"wp-block-heading has-small-font-size\">Anna M\u00fcller<\/h4>\n\n\n\n<p class=\"has-small-font-size\" style=\"margin-top:2px\">Grafikdesignerin<\/p>\n<\/div>\n<\/div>\n<\/div>\n<\/div>\n\n\n\n<div class=\"wp-block-column is-layout-flow wp-block-column-is-layout-flow\">\n<div class=\"wp-block-group has-tertiary-background-color has-background has-global-padding is-layout-constrained wp-container-core-group-is-layout-a35945ca wp-block-group-is-layout-constrained\" style=\"border-radius:1rem;padding-top:var(--wp--preset--spacing--30);padding-right:var(--wp--preset--spacing--30);padding-bottom:var(--wp--preset--spacing--30);padding-left:var(--wp--preset--spacing--30)\">\n<figure class=\"wp-block-image size-large wp-duotone-primary-foreground\"><img decoding=\"async\" src=\"data:image\/svg+xml;base64,PHN2ZyB4bWxucz0iaHR0cDovL3d3dy53My5vcmcvMjAwMC9zdmciIHdpZHRoPSIxMTYiIGhlaWdodD0iMTkiIGZpbGw9Im5vbmUiIHZpZXdCb3g9IjAgMCAxMTYgMTkiPjxnIGNsaXAtcGF0aD0idXJsKCNhKSI+PHBhdGggZmlsbD0iIzAwMCIgZD0iTTkuMDcuNjEyYy4zNDUtLjgxNiAxLjUxNS0uODE2IDEuODYgMGwyLjAyOCA0LjgyYy4xNDUuMzQzLjQ3My41NzkuODQ5LjYwOGw1LjI2Ni40MTdjLjg5Mi4wNzEgMS4yNTQgMS4xNzEuNTc0IDEuNzQ2TDE1LjYzNSAxMS42YS45ODcuOTg3IDAgMCAwLS4zMjQuOTg1bDEuMjI1IDUuMDc3Yy4yMDguODYtLjc0IDEuNTQtMS41MDMgMS4wOGwtNC41MDgtMi43MjFhMS4wMTYgMS4wMTYgMCAwIDAtMS4wNSAwbC00LjUwOCAyLjcyYy0uNzY0LjQ2MS0xLjcxMS0uMjE5LTEuNTAzLTEuMDc5bDEuMjI1LTUuMDc3YS45ODcuOTg3IDAgMCAwLS4zMjQtLjk4NUwuMzUzIDguMjAzYy0uNjgtLjU3NS0uMzE4LTEuNjc1LjU3NC0xLjc0Nmw1LjI2Ni0uNDE3Yy4zNzctLjAzLjcwNC0uMjY1Ljg1LS42MDlMOS4wNy42MTJabTI0IDBjLjM0NS0uODE2IDEuNTE1LS44MTYgMS44NiAwbDIuMDI4IDQuODJjLjE0NS4zNDMuNDczLjU3OS44NDkuNjA4bDUuMjY2LjQxN2MuODkyLjA3MSAxLjI1NCAxLjE3MS41NzQgMS43NDZMMzkuNjM1IDExLjZhLjk4Ny45ODcgMCAwIDAtLjMyNS45ODVsMS4yMjYgNS4wNzdjLjIwOC44Ni0uNzQgMS41NC0xLjUwMyAxLjA4bC00LjUwOC0yLjcyMWExLjAxNiAxLjAxNiAwIDAgMC0xLjA1IDBsLTQuNTA4IDIuNzJjLS43NjQuNDYxLTEuNzExLS4yMTktMS41MDMtMS4wNzlsMS4yMjUtNS4wNzdhLjk4Ny45ODcgMCAwIDAtLjMyNC0uOTg1bC00LjAxMi0zLjM5NmMtLjY4LS41NzUtLjMxOC0xLjY3NS41NzQtMS43NDZsNS4yNjYtLjQxN2MuMzc2LS4wMy43MDQtLjI2NS44NDktLjYwOWwyLjAyOS00LjgyWm0yNCAwYy4zNDQtLjgxNiAxLjUxNS0uODE2IDEuODU5IDBsMi4wMjkgNC44MmMuMTQ1LjM0My40NzMuNTc5Ljg0OS42MDhsNS4yNjYuNDE3Yy44OTIuMDcxIDEuMjU0IDEuMTcxLjU3NCAxLjc0Nkw2My42MzUgMTEuNmEuOTg3Ljk4NyAwIDAgMC0uMzI1Ljk4NWwxLjIyNiA1LjA3N2MuMjA4Ljg2LS43NCAxLjU0LTEuNTAzIDEuMDhsLTQuNTA5LTIuNzIxYTEuMDE2IDEuMDE2IDAgMCAwLTEuMDQ5IDBsLTQuNTA4IDIuNzJjLS43NjQuNDYxLTEuNzExLS4yMTktMS41MDMtMS4wNzlsMS4yMjUtNS4wNzdhLjk4Ny45ODcgMCAwIDAtLjMyNC0uOTg1bC00LjAxMi0zLjM5NmMtLjY4LS41NzUtLjMxOC0xLjY3NS41NzQtMS43NDZsNS4yNjYtLjQxN2MuMzc2LS4wMy43MDQtLjI2NS44NDktLjYwOWwyLjAyOS00LjgyWm0yNCAwYy4zNDUtLjgxNiAxLjUxNS0uODE2IDEuODU5IDBsMi4wMjkgNC44MmMuMTQ1LjM0My40NzIuNTc5Ljg0OS42MDhsNS4yNjYuNDE3Yy44OTIuMDcxIDEuMjU0IDEuMTcxLjU3NCAxLjc0Nkw4Ny42MzUgMTEuNmEuOTg3Ljk4NyAwIDAgMC0uMzI1Ljk4NWwxLjIyNiA1LjA3N2MuMjA4Ljg2LS43NCAxLjU0LTEuNTAzIDEuMDhsLTQuNTA5LTIuNzIxYTEuMDE2IDEuMDE2IDAgMCAwLTEuMDQ5IDBsLTQuNTA4IDIuNzJjLS43NjQuNDYxLTEuNzExLS4yMTktMS41MDQtMS4wNzlsMS4yMjYtNS4wNzdhLjk4Ny45ODcgMCAwIDAtLjMyNC0uOTg1bC00LjAxMi0zLjM5NmMtLjY4LS41NzUtLjMxOC0xLjY3NS41NzQtMS43NDZsNS4yNjYtLjQxN2MuMzc2LS4wMy43MDQtLjI2NS44NDktLjYwOUw4MS4wNy42MTJabTI0LjAwMSAwYy4zNDMtLjgxNiAxLjUxNC0uODE2IDEuODU4IDBsMi4wMjkgNC44MmMuMTQ1LjM0My40NzIuNTc5Ljg0OC42MDhsNS4yNjYuNDE3Yy44OTMuMDcxIDEuMjU0IDEuMTcxLjU3NSAxLjc0NmwtNC4wMTIgMy4zOTZhLjk4OC45ODggMCAwIDAtLjMyNS45ODVsMS4yMjYgNS4wNzdjLjIwOC44Ni0uNzM5IDEuNTQtMS41MDMgMS4wOGwtNC41MDktMi43MjFhMS4wMTYgMS4wMTYgMCAwIDAtMS4wNDkgMGwtNC41MDggMi43MmMtLjc2NC40NjEtMS43MTEtLjIxOS0xLjUwNC0xLjA3OWwxLjIyNi01LjA3N2EuOTg1Ljk4NSAwIDAgMC0uMzI0LS45ODVsLTQuMDEyLTMuMzk2Yy0uNjgtLjU3NS0uMzE4LTEuNjc1LjU3NC0xLjc0Nmw1LjI2Ni0uNDE3Yy4zNzYtLjAzLjcwNC0uMjY1Ljg0OS0uNjA5bDIuMDI5LTQuODE5WiIvPjwvZz48ZGVmcz48Y2xpcFBhdGggaWQ9ImEiPjxwYXRoIGZpbGw9IiNmZmYiIGQ9Ik0wIDBoMTE2djE4Ljg4OUgweiIvPjwvY2xpcFBhdGg+PC9kZWZzPjwvc3ZnPg==\" alt=\"\"\/><\/figure>\n\n\n\n<p style=\"margin-top:var(--wp--preset--spacing--20);font-style:normal;font-weight:500\">Die einf\u00fchlsame Betreuung und die sanften Techniken haben meine Erwartungen bei weitem \u00fcbertroffen.<\/p>\n\n\n\n<div class=\"wp-block-group is-nowrap is-layout-flex wp-container-core-group-is-layout-3b4e9d3e wp-block-group-is-layout-flex\">\n<figure class=\"wp-block-image aligncenter is-style-rounded\"><img loading=\"lazy\" decoding=\"async\" width=\"64\" height=\"64\" src=\"https:\/\/yinyang-wellness.de\/wp-content\/uploads\/2025\/10\/cbea7e72c057fcd884fcb2541878e889b1236ed0.jpg\" alt=\"\" class=\"wp-image-71\" style=\"aspect-ratio:1;object-fit:cover\"\/><\/figure>\n\n\n\n<div class=\"wp-block-group has-global-padding is-layout-constrained wp-block-group-is-layout-constrained\">\n<h4 class=\"wp-block-heading has-small-font-size\">Markus Schuster<\/h4>\n\n\n\n<p class=\"has-small-font-size\" style=\"margin-top:2px\">IT-Berater<\/p>\n<\/div>\n<\/div>\n<\/div>\n<\/div>\n\n\n\n<div class=\"wp-block-column is-layout-flow wp-block-column-is-layout-flow\">\n<div class=\"wp-block-group has-tertiary-background-color has-background has-global-padding is-layout-constrained wp-container-core-group-is-layout-a35945ca wp-block-group-is-layout-constrained\" style=\"border-radius:1rem;padding-top:var(--wp--preset--spacing--30);padding-right:var(--wp--preset--spacing--30);padding-bottom:var(--wp--preset--spacing--30);padding-left:var(--wp--preset--spacing--30)\">\n<figure class=\"wp-block-image size-large wp-duotone-primary-foreground\"><img decoding=\"async\" src=\"data:image\/svg+xml;base64,PHN2ZyB4bWxucz0iaHR0cDovL3d3dy53My5vcmcvMjAwMC9zdmciIHdpZHRoPSIxMTYiIGhlaWdodD0iMTkiIGZpbGw9Im5vbmUiIHZpZXdCb3g9IjAgMCAxMTYgMTkiPjxnIGNsaXAtcGF0aD0idXJsKCNhKSI+PHBhdGggZmlsbD0iIzAwMCIgZD0iTTkuMDcuNjEyYy4zNDUtLjgxNiAxLjUxNS0uODE2IDEuODYgMGwyLjAyOCA0LjgyYy4xNDUuMzQzLjQ3My41NzkuODQ5LjYwOGw1LjI2Ni40MTdjLjg5Mi4wNzEgMS4yNTQgMS4xNzEuNTc0IDEuNzQ2TDE1LjYzNSAxMS42YS45ODcuOTg3IDAgMCAwLS4zMjQuOTg1bDEuMjI1IDUuMDc3Yy4yMDguODYtLjc0IDEuNTQtMS41MDMgMS4wOGwtNC41MDgtMi43MjFhMS4wMTYgMS4wMTYgMCAwIDAtMS4wNSAwbC00LjUwOCAyLjcyYy0uNzY0LjQ2MS0xLjcxMS0uMjE5LTEuNTAzLTEuMDc5bDEuMjI1LTUuMDc3YS45ODcuOTg3IDAgMCAwLS4zMjQtLjk4NUwuMzUzIDguMjAzYy0uNjgtLjU3NS0uMzE4LTEuNjc1LjU3NC0xLjc0Nmw1LjI2Ni0uNDE3Yy4zNzctLjAzLjcwNC0uMjY1Ljg1LS42MDlMOS4wNy42MTJabTI0IDBjLjM0NS0uODE2IDEuNTE1LS44MTYgMS44NiAwbDIuMDI4IDQuODJjLjE0NS4zNDMuNDczLjU3OS44NDkuNjA4bDUuMjY2LjQxN2MuODkyLjA3MSAxLjI1NCAxLjE3MS41NzQgMS43NDZMMzkuNjM1IDExLjZhLjk4Ny45ODcgMCAwIDAtLjMyNS45ODVsMS4yMjYgNS4wNzdjLjIwOC44Ni0uNzQgMS41NC0xLjUwMyAxLjA4bC00LjUwOC0yLjcyMWExLjAxNiAxLjAxNiAwIDAgMC0xLjA1IDBsLTQuNTA4IDIuNzJjLS43NjQuNDYxLTEuNzExLS4yMTktMS41MDMtMS4wNzlsMS4yMjUtNS4wNzdhLjk4Ny45ODcgMCAwIDAtLjMyNC0uOTg1bC00LjAxMi0zLjM5NmMtLjY4LS41NzUtLjMxOC0xLjY3NS41NzQtMS43NDZsNS4yNjYtLjQxN2MuMzc2LS4wMy43MDQtLjI2NS44NDktLjYwOWwyLjAyOS00LjgyWm0yNCAwYy4zNDQtLjgxNiAxLjUxNS0uODE2IDEuODU5IDBsMi4wMjkgNC44MmMuMTQ1LjM0My40NzMuNTc5Ljg0OS42MDhsNS4yNjYuNDE3Yy44OTIuMDcxIDEuMjU0IDEuMTcxLjU3NCAxLjc0Nkw2My42MzUgMTEuNmEuOTg3Ljk4NyAwIDAgMC0uMzI1Ljk4NWwxLjIyNiA1LjA3N2MuMjA4Ljg2LS43NCAxLjU0LTEuNTAzIDEuMDhsLTQuNTA5LTIuNzIxYTEuMDE2IDEuMDE2IDAgMCAwLTEuMDQ5IDBsLTQuNTA4IDIuNzJjLS43NjQuNDYxLTEuNzExLS4yMTktMS41MDMtMS4wNzlsMS4yMjUtNS4wNzdhLjk4Ny45ODcgMCAwIDAtLjMyNC0uOTg1bC00LjAxMi0zLjM5NmMtLjY4LS41NzUtLjMxOC0xLjY3NS41NzQtMS43NDZsNS4yNjYtLjQxN2MuMzc2LS4wMy43MDQtLjI2NS44NDktLjYwOWwyLjAyOS00LjgyWm0yNCAwYy4zNDUtLjgxNiAxLjUxNS0uODE2IDEuODU5IDBsMi4wMjkgNC44MmMuMTQ1LjM0My40NzIuNTc5Ljg0OS42MDhsNS4yNjYuNDE3Yy44OTIuMDcxIDEuMjU0IDEuMTcxLjU3NCAxLjc0Nkw4Ny42MzUgMTEuNmEuOTg3Ljk4NyAwIDAgMC0uMzI1Ljk4NWwxLjIyNiA1LjA3N2MuMjA4Ljg2LS43NCAxLjU0LTEuNTAzIDEuMDhsLTQuNTA5LTIuNzIxYTEuMDE2IDEuMDE2IDAgMCAwLTEuMDQ5IDBsLTQuNTA4IDIuNzJjLS43NjQuNDYxLTEuNzExLS4yMTktMS41MDQtMS4wNzlsMS4yMjYtNS4wNzdhLjk4Ny45ODcgMCAwIDAtLjMyNC0uOTg1bC00LjAxMi0zLjM5NmMtLjY4LS41NzUtLjMxOC0xLjY3NS41NzQtMS43NDZsNS4yNjYtLjQxN2MuMzc2LS4wMy43MDQtLjI2NS44NDktLjYwOUw4MS4wNy42MTJabTI0LjAwMSAwYy4zNDMtLjgxNiAxLjUxNC0uODE2IDEuODU4IDBsMi4wMjkgNC44MmMuMTQ1LjM0My40NzIuNTc5Ljg0OC42MDhsNS4yNjYuNDE3Yy44OTMuMDcxIDEuMjU0IDEuMTcxLjU3NSAxLjc0NmwtNC4wMTIgMy4zOTZhLjk4OC45ODggMCAwIDAtLjMyNS45ODVsMS4yMjYgNS4wNzdjLjIwOC44Ni0uNzM5IDEuNTQtMS41MDMgMS4wOGwtNC41MDktMi43MjFhMS4wMTYgMS4wMTYgMCAwIDAtMS4wNDkgMGwtNC41MDggMi43MmMtLjc2NC40NjEtMS43MTEtLjIxOS0xLjUwNC0xLjA3OWwxLjIyNi01LjA3N2EuOTg1Ljk4NSAwIDAgMC0uMzI0LS45ODVsLTQuMDEyLTMuMzk2Yy0uNjgtLjU3NS0uMzE4LTEuNjc1LjU3NC0xLjc0Nmw1LjI2Ni0uNDE3Yy4zNzYtLjAzLjcwNC0uMjY1Ljg0OS0uNjA5bDIuMDI5LTQuODE5WiIvPjwvZz48ZGVmcz48Y2xpcFBhdGggaWQ9ImEiPjxwYXRoIGZpbGw9IiNmZmYiIGQ9Ik0wIDBoMTE2djE4Ljg4OUgweiIvPjwvY2xpcFBhdGg+PC9kZWZzPjwvc3ZnPg==\" alt=\"\"\/><\/figure>\n\n\n\n<p style=\"margin-top:var(--wp--preset--spacing--20);font-style:normal;font-weight:500\">Ich habe mich w\u00e4hrend der gesamten Behandlung rundum wohlgef\u00fchlt und sp\u00fcre eine nachhaltige Verbesserung.<\/p>\n\n\n\n<div class=\"wp-block-group is-nowrap is-layout-flex wp-container-core-group-is-layout-3b4e9d3e wp-block-group-is-layout-flex\">\n<figure class=\"wp-block-image aligncenter is-style-rounded\"><img loading=\"lazy\" decoding=\"async\" width=\"64\" height=\"64\" src=\"https:\/\/yinyang-wellness.de\/wp-content\/uploads\/2025\/10\/0a49eda1a672a16a081a8c48174d1c1d0b0a03cd.jpg\" alt=\"\" class=\"wp-image-72\" style=\"aspect-ratio:1;object-fit:cover\"\/><\/figure>\n\n\n\n<div class=\"wp-block-group has-global-padding is-layout-constrained wp-block-group-is-layout-constrained\">\n<h4 class=\"wp-block-heading has-small-font-size\">Sabine Fischer<\/h4>\n\n\n\n<p class=\"has-small-font-size\" style=\"margin-top:2px\">Lehrerin<\/p>\n<\/div>\n<\/div>\n<\/div>\n<\/div>\n<\/div>\n<\/div>","protected":false},"excerpt":{"rendered":"<p>Balance erleben mit Yin-Yang-Wellness Yin-Yang-Wellness in Dillingen f\u00f6rdert Gesundheit und Wohlbefinden durch individuell abgestimmte Behandlungen, die auf den Prinzipien von Yin-Yang und Yangsheng basieren. Ihr R\u00fcckzugsort f\u00fcr Balance und Harmonie Lernen Sie unser engagiertes Team kennen, das Ihre Gesundheit und Ihr Wohlbefinden f\u00f6rdert. Quiyun Gesch\u00e4ftsf\u00fchrerin, Wellness-Therapeutin Mit vielen Jahren Erfahrung verbindet sie traditionelle Methoden mit [&hellip;]<\/p>\n","protected":false},"author":1,"featured_media":0,"parent":0,"menu_order":0,"comment_status":"closed","ping_status":"closed","template":"page-with-title","meta":{"footnotes":""},"class_list":["post-31","page","type-page","status-publish","hentry"],"aioseo_notices":[],"_links":{"self":[{"href":"https:\/\/yinyang-wellness.de\/zh\/wp-json\/wp\/v2\/pages\/31","targetHints":{"allow":["GET"]}}],"collection":[{"href":"https:\/\/yinyang-wellness.de\/zh\/wp-json\/wp\/v2\/pages"}],"about":[{"href":"https:\/\/yinyang-wellness.de\/zh\/wp-json\/wp\/v2\/types\/page"}],"author":[{"embeddable":true,"href":"https:\/\/yinyang-wellness.de\/zh\/wp-json\/wp\/v2\/users\/1"}],"replies":[{"embeddable":true,"href":"https:\/\/yinyang-wellness.de\/zh\/wp-json\/wp\/v2\/comments?post=31"}],"version-history":[{"count":2,"href":"https:\/\/yinyang-wellness.de\/zh\/wp-json\/wp\/v2\/pages\/31\/revisions"}],"predecessor-version":[{"id":118,"href":"https:\/\/yinyang-wellness.de\/zh\/wp-json\/wp\/v2\/pages\/31\/revisions\/118"}],"wp:attachment":[{"href":"https:\/\/yinyang-wellness.de\/zh\/wp-json\/wp\/v2\/media?parent=31"}],"curies":[{"name":"wp","href":"https:\/\/api.w.org\/{rel}","templated":true}]}}