{"id":32,"date":"2025-09-10T12:54:43","date_gmt":"2025-09-10T12:54:43","guid":{"rendered":"https:\/\/yinyang-wellness.de\/kontakt\/"},"modified":"2025-10-26T14:30:11","modified_gmt":"2025-10-26T14:30:11","slug":"kontakt","status":"publish","type":"page","link":"https:\/\/yinyang-wellness.de\/zh\/kontakt\/","title":{"rendered":"Kontakt"},"content":{"rendered":"<div class=\"wp-block-group alignfull has-background-background-color has-background has-global-padding is-layout-constrained wp-block-group-is-layout-constrained\" id=\"kontakt\" style=\"margin-top:0;margin-bottom:0;padding-top:var(--wp--preset--spacing--60);padding-bottom:var(--wp--preset--spacing--60)\">\n<div class=\"wp-block-columns alignwide is-layout-flex wp-container-core-columns-is-layout-08c01c1c wp-block-columns-is-layout-flex\">\n<div class=\"wp-block-column is-layout-flow wp-block-column-is-layout-flow\" style=\"flex-basis:40%\">\n<h2 class=\"wp-block-heading has-large-font-size\">Wellness und Harmonie in Dillingen entdecken<\/h2>\n\n\n\n<p style=\"margin-top:16px\">Hier finden Sie alle wichtigen Kontaktinformationen wie Adresse, Telefonnummer und E-Mail, damit Sie unser Team schnell und unkompliziert f\u00fcr Ihre Fragen und Terminvereinbarungen erreichen k\u00f6nnen.<\/p>\n<\/div>\n\n\n\n<div class=\"wp-block-column is-layout-flow wp-block-column-is-layout-flow\">\n<div class=\"wp-block-group has-tertiary-background-color has-background has-global-padding is-layout-constrained wp-container-core-group-is-layout-52009084 wp-block-group-is-layout-constrained\" style=\"border-radius:1.5rem;padding-top:var(--wp--preset--spacing--40);padding-right:var(--wp--preset--spacing--40);padding-bottom:var(--wp--preset--spacing--40);padding-left:var(--wp--preset--spacing--40)\">\n<div class=\"wp-block-contact-form-7-contact-form-selector\">\n<div class=\"wpcf7 no-js\" id=\"wpcf7-f30-o1\" lang=\"de-DE\" dir=\"ltr\" data-wpcf7-id=\"30\">\n<div class=\"screen-reader-response\"><p role=\"status\" aria-live=\"polite\" aria-atomic=\"true\"><\/p> <ul><\/ul><\/div>\n<form action=\"\/zh\/wp-json\/wp\/v2\/pages\/32#wpcf7-f30-o1\" method=\"post\" class=\"wpcf7-form init\" aria-label=\"Kontaktformular\" novalidate=\"novalidate\" data-status=\"init\" data-trp-original-action=\"\/zh\/wp-json\/wp\/v2\/pages\/32#wpcf7-f30-o1\">\n<fieldset class=\"hidden-fields-container\"><input type=\"hidden\" name=\"_wpcf7\" value=\"30\" \/><input type=\"hidden\" name=\"_wpcf7_version\" value=\"6.1.5\" \/><input type=\"hidden\" name=\"_wpcf7_locale\" value=\"de_DE\" \/><input type=\"hidden\" name=\"_wpcf7_unit_tag\" value=\"wpcf7-f30-o1\" \/><input type=\"hidden\" name=\"_wpcf7_container_post\" value=\"0\" \/><input type=\"hidden\" name=\"_wpcf7_posted_data_hash\" value=\"\" \/>\n<\/fieldset>\n<p><label> Dein Name \/ \u60a8\u7684\u59d3\u540d<br \/>\n<span class=\"wpcf7-form-control-wrap\" data-name=\"your-name\"><input size=\"40\" maxlength=\"400\" class=\"wpcf7-form-control wpcf7-text wpcf7-validates-as-required\" autocomplete=\"name\" aria-required=\"true\" aria-invalid=\"false\" value=\"\" type=\"text\" name=\"your-name\" \/><\/span> <\/label>\n<\/p>\n<p><label> Deine E-Mail-Adresse \/ \u60a8\u7684\u7535\u5b50\u90ae\u7bb1<br \/>\n<span class=\"wpcf7-form-control-wrap\" data-name=\"your-email\"><input size=\"40\" maxlength=\"400\" class=\"wpcf7-form-control wpcf7-email wpcf7-validates-as-required wpcf7-text wpcf7-validates-as-email\" autocomplete=\"email\" aria-required=\"true\" aria-invalid=\"false\" value=\"\" type=\"email\" name=\"your-email\" \/><\/span> <\/label>\n<\/p>\n<p><label> Telefonnummer \/ \u7535\u8bdd\u53f7\u7801<br \/>\n<span class=\"wpcf7-form-control-wrap\" data-name=\"your-phone\"><input size=\"40\" maxlength=\"400\" class=\"wpcf7-form-control wpcf7-tel wpcf7-text wpcf7-validates-as-tel\" aria-invalid=\"false\" value=\"\" type=\"tel\" name=\"your-phone\" \/><\/span> <\/label>\n<\/p>\n<p><label> Deine Nachricht \/ \u60a8\u7684\u4fe1\u606f<br \/>\n<span class=\"wpcf7-form-control-wrap\" data-name=\"your-message\"><textarea cols=\"40\" rows=\"10\" maxlength=\"2000\" class=\"wpcf7-form-control wpcf7-textarea wpcf7-validates-as-required\" aria-required=\"true\" aria-invalid=\"false\" name=\"your-message\"><\/textarea><\/span> <\/label>\n<\/p>\n<p><div class=\"cf7-cf-turnstile\" style=\"margin-top: 0px; margin-bottom: -15px;\"> <div id=\"cf-turnstile-cf7-2559401419\" class=\"cf-turnstile\" data-sitekey=\"0x4AAAAAACpo9pOcVFKkYjYZ\" data-theme=\"light\" data-language=\"auto\" data-size=\"normal\" data-retry=\"auto\" data-retry-interval=\"1000\" data-refresh-expired=\"auto\" data-refresh-timeout=\"auto\" data-action=\"contact-form-7\" data-callback=\"turnstileCF7Callback\" data-appearance=\"always\"><\/div> <script>document.addEventListener(\"DOMContentLoaded\", function() { setTimeout(function(){ var e=document.getElementById(\"cf-turnstile-cf7-2559401419\"); if(e&&!e.innerHTML.trim()){turnstile.render(e, {sitekey:\"0x4AAAAAACpo9pOcVFKkYjYZ\"});} }, 200); });<\/script> <br class=\"cf-turnstile-br cf-turnstile-br-cf7-2559401419\"> <style>#cf-turnstile-cf7-2559401419 { margin-left: -15px; }<\/style> <script>document.addEventListener(\"DOMContentLoaded\",function(){document.querySelectorAll('.wpcf7-form').forEach(function(e){e.addEventListener('submit',function(){if(document.getElementById('cf-turnstile-cf7-2559401419')){setTimeout(function(){turnstile.reset('#cf-turnstile-cf7-2559401419');},1000)}})})});<\/script> <\/div>\n<\/p>\n<p><input class=\"wpcf7-form-control wpcf7-submit has-spinner\" type=\"submit\" value=\"Senden \/ \u53d1\u9001\" \/>\n<\/p><div class=\"wpcf7-response-output\" aria-hidden=\"true\"><\/div>\n<input type=\"hidden\" name=\"trp-form-language\" value=\"zh\"\/><\/form>\n<\/div>\n<\/div>\n<\/div>\n<\/div>\n<\/div>\n<\/div>\n\n\n\n<div class=\"wp-block-group alignfull has-tertiary-background-color has-background has-global-padding is-layout-constrained wp-container-core-group-is-layout-254d6575 wp-block-group-is-layout-constrained\" style=\"margin-top:0;margin-bottom:0;padding-top:var(--wp--preset--spacing--60);padding-right:var(--wp--preset--spacing--30);padding-bottom:var(--wp--preset--spacing--60);padding-left:var(--wp--preset--spacing--30)\">\n<div class=\"wp-block-columns alignwide is-layout-flex wp-container-core-columns-is-layout-28f84493 wp-block-columns-is-layout-flex\">\n<div class=\"wp-block-column is-vertically-aligned-stretch is-layout-flow wp-block-column-is-layout-flow\">\n<div class=\"wp-block-group has-background-background-color has-background is-vertical is-layout-flex wp-container-core-group-is-layout-28c5d5b3 wp-block-group-is-layout-flex\" style=\"border-radius:1.5rem;min-height:100%;padding-top:var(--wp--preset--spacing--40);padding-right:var(--wp--preset--spacing--40);padding-bottom:var(--wp--preset--spacing--40);padding-left:var(--wp--preset--spacing--40)\">\n<p class=\"has-medium-font-size\" style=\"margin-bottom:var(--wp--preset--spacing--20);font-style:normal;font-weight:400\">Kontaktieren Sie uns unkompliziert und direkt f\u00fcr Ihr Wohlbefinden.<\/p>\n\n\n\n<div class=\"wp-block-columns is-not-stacked-on-mobile is-layout-flex wp-container-core-columns-is-layout-6db7e666 wp-block-columns-is-layout-flex\">\n<div class=\"wp-block-column is-layout-flow wp-block-column-is-layout-flow\" style=\"padding-top:2px;flex-basis:24px\">\n<figure class=\"wp-block-image size-large wp-duotone-primary-foreground\"><img decoding=\"async\" src=\"data:image\/svg+xml;base64,PHN2ZyB4bWxucz0iaHR0cDovL3d3dy53My5vcmcvMjAwMC9zdmciIGhlaWdodD0iMjRweCIgdmlld0JveD0iMCAtOTYwIDk2MCA5NjAiIHdpZHRoPSIyNHB4IiBmaWxsPSIjMWYxZjFmIj48cGF0aCBkPSJNNDgwLTMwMXE5OS04MCAxNDkuNS0xNTRUNjgwLTU5NHEwLTkwLTU2LTE0OHQtMTQ0LTU4cS04OCAwLTE0NCA1OHQtNTYgMTQ4cTAgNjUgNTAuNSAxMzlUNDgwLTMwMVptMCAxMDFRMzM5LTMwNCAyNjkuNS00MDJUMjAwLTU5NHEwLTEyNSA3OC0yMDUuNVQ0ODAtODgwcTEyNCAwIDIwMiA4MC41VDc2MC01OTRxMCA5NC02OS41IDE5MlQ0ODAtMjAwWm0wLTMyMHEzMyAwIDU2LjUtMjMuNVQ1NjAtNjAwcTAtMzMtMjMuNS01Ni41VDQ4MC02ODBxLTMzIDAtNTYuNSAyMy41VDQwMC02MDBxMCAzMyAyMy41IDU2LjVUNDgwLTUyMFpNMjAwLTgwdi04MGg1NjB2ODBIMjAwWm0yODAtNTIwWiIvPjwvc3ZnPg==\" alt=\"\"\/><\/figure>\n<\/div>\n\n\n\n<div class=\"wp-block-column is-layout-flow wp-container-core-column-is-layout-8a368f38 wp-block-column-is-layout-flow\">\n<p class=\"has-medium-font-size\" style=\"font-style:normal;font-weight:500\">K\u00f6nigstra\u00dfe 9<\/p>\n\n\n\n<p class=\"has-medium-font-size\" style=\"font-style:normal;font-weight:500\">89407 Dillingen a. d. Donau<\/p>\n<\/div>\n<\/div>\n\n\n\n<div class=\"wp-block-columns are-vertically-aligned-center is-not-stacked-on-mobile is-layout-flex wp-container-core-columns-is-layout-6db7e666 wp-block-columns-is-layout-flex\">\n<div class=\"wp-block-column is-vertically-aligned-center is-layout-flow wp-block-column-is-layout-flow\" style=\"flex-basis:24px\">\n<figure class=\"wp-block-image size-large wp-duotone-primary-foreground\"><img decoding=\"async\" src=\"data:image\/svg+xml;base64,PHN2ZyB4bWxucz0iaHR0cDovL3d3dy53My5vcmcvMjAwMC9zdmciIGhlaWdodD0iMjRweCIgdmlld0JveD0iMCAtOTYwIDk2MCA5NjAiIHdpZHRoPSIyNHB4IiBmaWxsPSIjMWYxZjFmIj48cGF0aCBkPSJNNzYwLTQ4MHEwLTExNy04MS41LTE5OC41VDQ4MC03NjB2LTgwcTc1IDAgMTQwLjUgMjguNXQxMTQgNzdxNDguNSA0OC41IDc3IDExNFQ4NDAtNDgwaC04MFptLTE2MCAwcTAtNTAtMzUtODV0LTg1LTM1di04MHE4MyAwIDE0MS41IDU4LjVUNjgwLTQ4MGgtODBabTE5OCAzNjBxLTEyNSAwLTI0Ny01NC41VDMyOS0zMjlRMjI5LTQyOSAxNzQuNS01NTFUMTIwLTc5OHEwLTE4IDEyLTMwdDMwLTEyaDE2MnExNCAwIDI1IDkuNXQxMyAyMi41bDI2IDE0MHEyIDE2LTEgMjd0LTExIDE5bC05NyA5OHEyMCAzNyA0Ny41IDcxLjVUMzg3LTM4NnEzMSAzMSA2NSA1Ny41dDcyIDQ4LjVsOTQtOTRxOS05IDIzLjUtMTMuNVQ2NzAtMzkwbDEzOCAyOHExNCA0IDIzIDE0LjV0OSAyMy41djE2MnEwIDE4LTEyIDMwdC0zMCAxMlpNMjQxLTYwMGw2Ni02Ni0xNy05NGgtODlxNSA0MSAxNCA4MXQyNiA3OVptMzU4IDM1OHEzOSAxNyA3OS41IDI3dDgxLjUgMTN2LTg4bC05NC0xOS02NyA2N1pNMjQxLTYwMFptMzU4IDM1OFoiLz48L3N2Zz4=\" alt=\"\"\/><\/figure>\n<\/div>\n\n\n\n<div class=\"wp-block-column is-vertically-aligned-center is-layout-flow wp-container-core-column-is-layout-8a368f38 wp-block-column-is-layout-flow\">\n<p class=\"has-medium-font-size\" style=\"font-style:normal;font-weight:500\">09071 \/ 708 98 83<\/p>\n<\/div>\n<\/div>\n\n\n\n<div class=\"wp-block-columns are-vertically-aligned-center is-not-stacked-on-mobile is-layout-flex wp-container-core-columns-is-layout-6db7e666 wp-block-columns-is-layout-flex\">\n<div class=\"wp-block-column is-vertically-aligned-center is-layout-flow wp-block-column-is-layout-flow\" style=\"flex-basis:24px\">\n<figure class=\"wp-block-image size-large wp-duotone-primary-foreground\"><img decoding=\"async\" src=\"data:image\/svg+xml;base64,PHN2ZyB4bWxucz0iaHR0cDovL3d3dy53My5vcmcvMjAwMC9zdmciIGhlaWdodD0iMjRweCIgdmlld0JveD0iMCAtOTYwIDk2MCA5NjAiIHdpZHRoPSIyNHB4IiBmaWxsPSIjMWYxZjFmIj48cGF0aCBkPSJNMTYwLTE2MHEtMzMgMC01Ni41LTIzLjVUODAtMjQwdi00ODBxMC0zMyAyMy41LTU2LjVUMTYwLTgwMGg2NDBxMzMgMCA1Ni41IDIzLjVUODgwLTcyMHY0ODBxMCAzMy0yMy41IDU2LjVUODAwLTE2MEgxNjBabTMyMC0yODBMMTYwLTY0MHY0MDBoNjQwdi00MDBMNDgwLTQ0MFptMC04MCAzMjAtMjAwSDE2MGwzMjAgMjAwWk0xNjAtNjQwdi04MCA0ODAtNDAwWiIvPjwvc3ZnPg==\" alt=\"\"\/><\/figure>\n<\/div>\n\n\n\n<div class=\"wp-block-column is-vertically-aligned-center is-layout-flow wp-container-core-column-is-layout-8a368f38 wp-block-column-is-layout-flow\">\n<p class=\"has-medium-font-size\" style=\"font-style:normal;font-weight:500\">info@yinyang-wellness.de<\/p>\n<\/div>\n<\/div>\n<\/div>\n<\/div>\n\n\n\n<div class=\"wp-block-column is-layout-flow wp-block-column-is-layout-flow\">\n<figure class=\"wp-block-image has-custom-border\"><img loading=\"lazy\" decoding=\"async\" width=\"960\" height=\"1440\" src=\"https:\/\/yinyang-wellness.de\/wp-content\/uploads\/2025\/10\/e851983d29125b4abb3159c237798f8e01accfa4.jpg\" alt=\"\" class=\"wp-image-74\" style=\"border-radius:1.5rem;aspect-ratio:4\/3;object-fit:cover\" srcset=\"https:\/\/yinyang-wellness.de\/wp-content\/uploads\/2025\/10\/e851983d29125b4abb3159c237798f8e01accfa4.jpg 960w, https:\/\/yinyang-wellness.de\/wp-content\/uploads\/2025\/10\/e851983d29125b4abb3159c237798f8e01accfa4-200x300.jpg 200w, https:\/\/yinyang-wellness.de\/wp-content\/uploads\/2025\/10\/e851983d29125b4abb3159c237798f8e01accfa4-683x1024.jpg 683w, https:\/\/yinyang-wellness.de\/wp-content\/uploads\/2025\/10\/e851983d29125b4abb3159c237798f8e01accfa4-768x1152.jpg 768w\" sizes=\"auto, (max-width: 960px) 100vw, 960px\" \/><\/figure>\n<\/div>\n<\/div>\n<\/div>","protected":false},"excerpt":{"rendered":"<p>Wellness und Harmonie in Dillingen entdecken Hier finden Sie alle wichtigen Kontaktinformationen wie Adresse, Telefonnummer und E-Mail, damit Sie unser Team schnell und unkompliziert f\u00fcr Ihre Fragen und Terminvereinbarungen erreichen k\u00f6nnen. Kontaktieren Sie uns unkompliziert und direkt f\u00fcr Ihr Wohlbefinden. K\u00f6nigstra\u00dfe 9 89407 Dillingen a. d. Donau 09071 \/ 708 98 83 info@yinyang-wellness.de<\/p>","protected":false},"author":1,"featured_media":0,"parent":0,"menu_order":0,"comment_status":"closed","ping_status":"closed","template":"page-with-title","meta":{"footnotes":""},"class_list":["post-32","page","type-page","status-publish","hentry"],"aioseo_notices":[],"_links":{"self":[{"href":"https:\/\/yinyang-wellness.de\/zh\/wp-json\/wp\/v2\/pages\/32","targetHints":{"allow":["GET"]}}],"collection":[{"href":"https:\/\/yinyang-wellness.de\/zh\/wp-json\/wp\/v2\/pages"}],"about":[{"href":"https:\/\/yinyang-wellness.de\/zh\/wp-json\/wp\/v2\/types\/page"}],"author":[{"embeddable":true,"href":"https:\/\/yinyang-wellness.de\/zh\/wp-json\/wp\/v2\/users\/1"}],"replies":[{"embeddable":true,"href":"https:\/\/yinyang-wellness.de\/zh\/wp-json\/wp\/v2\/comments?post=32"}],"version-history":[{"count":2,"href":"https:\/\/yinyang-wellness.de\/zh\/wp-json\/wp\/v2\/pages\/32\/revisions"}],"predecessor-version":[{"id":108,"href":"https:\/\/yinyang-wellness.de\/zh\/wp-json\/wp\/v2\/pages\/32\/revisions\/108"}],"wp:attachment":[{"href":"https:\/\/yinyang-wellness.de\/zh\/wp-json\/wp\/v2\/media?parent=32"}],"curies":[{"name":"wp","href":"https:\/\/api.w.org\/{rel}","templated":true}]}}