{"id":33,"date":"2025-09-10T12:54:44","date_gmt":"2025-09-10T12:54:44","guid":{"rendered":"https:\/\/yinyang-wellness.de\/galerie\/"},"modified":"2025-10-23T23:10:18","modified_gmt":"2025-10-23T23:10:18","slug":"galerie","status":"publish","type":"page","link":"https:\/\/yinyang-wellness.de\/zh\/galerie\/","title":{"rendered":"Galerie"},"content":{"rendered":"<div class=\"wp-block-group alignfull has-background-background-color has-background has-global-padding is-layout-constrained wp-container-core-group-is-layout-7276a2bb wp-block-group-is-layout-constrained\" id=\"galerie\" style=\"margin-top:0;margin-bottom:0;padding-top:var(--wp--preset--spacing--60);padding-right:var(--wp--preset--spacing--30);padding-bottom:var(--wp--preset--spacing--60);padding-left:var(--wp--preset--spacing--30)\">\n<div class=\"wp-block-group alignwide is-vertical is-layout-flex wp-container-core-group-is-layout-fe9cc265 wp-block-group-is-layout-flex\">\n<div class=\"wp-block-group alignwide has-global-padding is-content-justification-left is-layout-constrained wp-container-core-group-is-layout-8b4c372c wp-block-group-is-layout-constrained\">\n<h2 class=\"wp-block-heading has-large-font-size\">Innere Balance durch sanfte Ber\u00fchrung erleben<\/h2>\n\n\n\n<p style=\"margin-top:16px\">In dieser Galerie pr\u00e4sentieren wir ausgew\u00e4hlte Fotos, die die Harmonie und das Wohlbefinden unserer Behandlungen einfangen.<\/p>\n<\/div>\n<\/div>\n\n\n\n<div class=\"wp-block-group alignwide has-global-padding is-layout-constrained wp-block-group-is-layout-constrained\">\n<div class=\"wp-block-columns alignwide is-layout-flex wp-container-core-columns-is-layout-87beb0d0 wp-block-columns-is-layout-flex\">\n<div class=\"wp-block-column is-layout-flow wp-container-core-column-is-layout-f5bb311e wp-block-column-is-layout-flow\">\n<figure class=\"wp-block-image has-custom-border ext-aspect-landscape\"><img loading=\"lazy\" decoding=\"async\" width=\"960\" height=\"1440\" class=\"wp-image-76\" src=\"https:\/\/yinyang-wellness.de\/wp-content\/uploads\/2025\/10\/1859725e34762e764f51550df3a9f00f0fd9b2df.jpg\" alt=\"\" style=\"border-radius:0.5rem;aspect-ratio:4\/3;object-fit:cover\" srcset=\"https:\/\/yinyang-wellness.de\/wp-content\/uploads\/2025\/10\/1859725e34762e764f51550df3a9f00f0fd9b2df.jpg 960w, https:\/\/yinyang-wellness.de\/wp-content\/uploads\/2025\/10\/1859725e34762e764f51550df3a9f00f0fd9b2df-200x300.jpg 200w, https:\/\/yinyang-wellness.de\/wp-content\/uploads\/2025\/10\/1859725e34762e764f51550df3a9f00f0fd9b2df-683x1024.jpg 683w, https:\/\/yinyang-wellness.de\/wp-content\/uploads\/2025\/10\/1859725e34762e764f51550df3a9f00f0fd9b2df-768x1152.jpg 768w\" sizes=\"auto, (max-width: 960px) 100vw, 960px\" \/><\/figure>\n\n\n\n<figure class=\"wp-block-image has-custom-border ext-aspect-landscape\"><img loading=\"lazy\" decoding=\"async\" width=\"1440\" height=\"1280\" class=\"wp-image-77\" src=\"https:\/\/yinyang-wellness.de\/wp-content\/uploads\/2025\/10\/cdd154655f7cb8a5032aca40aab1a9644125bf42.jpg\" alt=\"\" style=\"border-radius:0.5rem;aspect-ratio:4\/3;object-fit:cover\" srcset=\"https:\/\/yinyang-wellness.de\/wp-content\/uploads\/2025\/10\/cdd154655f7cb8a5032aca40aab1a9644125bf42.jpg 1440w, https:\/\/yinyang-wellness.de\/wp-content\/uploads\/2025\/10\/cdd154655f7cb8a5032aca40aab1a9644125bf42-300x267.jpg 300w, https:\/\/yinyang-wellness.de\/wp-content\/uploads\/2025\/10\/cdd154655f7cb8a5032aca40aab1a9644125bf42-1024x910.jpg 1024w, https:\/\/yinyang-wellness.de\/wp-content\/uploads\/2025\/10\/cdd154655f7cb8a5032aca40aab1a9644125bf42-768x683.jpg 768w\" sizes=\"auto, (max-width: 1440px) 100vw, 1440px\" \/><\/figure>\n<\/div>\n\n\n\n<div class=\"wp-block-column is-layout-flow wp-container-core-column-is-layout-f5bb311e wp-block-column-is-layout-flow\">\n<figure class=\"wp-block-image has-custom-border ext-aspect-landscape\"><img loading=\"lazy\" decoding=\"async\" width=\"1440\" height=\"1280\" class=\"wp-image-78\" src=\"https:\/\/yinyang-wellness.de\/wp-content\/uploads\/2025\/10\/d2fc4393e8e90360c13b3361e2ae7251d48c0075.jpg\" alt=\"\" style=\"border-radius:0.5rem;aspect-ratio:4\/3;object-fit:cover\" srcset=\"https:\/\/yinyang-wellness.de\/wp-content\/uploads\/2025\/10\/d2fc4393e8e90360c13b3361e2ae7251d48c0075.jpg 1440w, https:\/\/yinyang-wellness.de\/wp-content\/uploads\/2025\/10\/d2fc4393e8e90360c13b3361e2ae7251d48c0075-300x267.jpg 300w, https:\/\/yinyang-wellness.de\/wp-content\/uploads\/2025\/10\/d2fc4393e8e90360c13b3361e2ae7251d48c0075-1024x910.jpg 1024w, https:\/\/yinyang-wellness.de\/wp-content\/uploads\/2025\/10\/d2fc4393e8e90360c13b3361e2ae7251d48c0075-768x683.jpg 768w\" sizes=\"auto, (max-width: 1440px) 100vw, 1440px\" \/><\/figure>\n\n\n\n<figure class=\"wp-block-image has-custom-border ext-aspect-landscape\"><img loading=\"lazy\" decoding=\"async\" width=\"960\" height=\"1440\" class=\"wp-image-79\" src=\"https:\/\/yinyang-wellness.de\/wp-content\/uploads\/2025\/10\/9171a65829fcdcfb34fb2853ee07c43fe44657db.jpg\" alt=\"\" style=\"border-radius:0.5rem;aspect-ratio:4\/3;object-fit:cover\" srcset=\"https:\/\/yinyang-wellness.de\/wp-content\/uploads\/2025\/10\/9171a65829fcdcfb34fb2853ee07c43fe44657db.jpg 960w, https:\/\/yinyang-wellness.de\/wp-content\/uploads\/2025\/10\/9171a65829fcdcfb34fb2853ee07c43fe44657db-200x300.jpg 200w, https:\/\/yinyang-wellness.de\/wp-content\/uploads\/2025\/10\/9171a65829fcdcfb34fb2853ee07c43fe44657db-683x1024.jpg 683w, https:\/\/yinyang-wellness.de\/wp-content\/uploads\/2025\/10\/9171a65829fcdcfb34fb2853ee07c43fe44657db-768x1152.jpg 768w\" sizes=\"auto, (max-width: 960px) 100vw, 960px\" \/><\/figure>\n<\/div>\n\n\n\n<div class=\"wp-block-column is-layout-flow wp-container-core-column-is-layout-f5bb311e wp-block-column-is-layout-flow\">\n<figure class=\"wp-block-image has-custom-border ext-aspect-landscape\"><img loading=\"lazy\" decoding=\"async\" width=\"960\" height=\"1440\" class=\"wp-image-80\" src=\"https:\/\/yinyang-wellness.de\/wp-content\/uploads\/2025\/10\/f32145652d8fac15c6b71884e9581eb73c044dd0.jpg\" alt=\"\" style=\"border-radius:0.5rem;aspect-ratio:4\/3;object-fit:cover\" srcset=\"https:\/\/yinyang-wellness.de\/wp-content\/uploads\/2025\/10\/f32145652d8fac15c6b71884e9581eb73c044dd0.jpg 960w, https:\/\/yinyang-wellness.de\/wp-content\/uploads\/2025\/10\/f32145652d8fac15c6b71884e9581eb73c044dd0-200x300.jpg 200w, https:\/\/yinyang-wellness.de\/wp-content\/uploads\/2025\/10\/f32145652d8fac15c6b71884e9581eb73c044dd0-683x1024.jpg 683w, https:\/\/yinyang-wellness.de\/wp-content\/uploads\/2025\/10\/f32145652d8fac15c6b71884e9581eb73c044dd0-768x1152.jpg 768w\" sizes=\"auto, (max-width: 960px) 100vw, 960px\" \/><\/figure>\n\n\n\n<figure class=\"wp-block-image has-custom-border ext-aspect-landscape\"><img loading=\"lazy\" decoding=\"async\" width=\"960\" height=\"1440\" class=\"wp-image-81\" src=\"https:\/\/yinyang-wellness.de\/wp-content\/uploads\/2025\/10\/832d32169d8673848d56ddc89b12c3b0b976a1f5.jpg\" alt=\"\" style=\"border-radius:0.5rem;aspect-ratio:4\/3;object-fit:cover\" srcset=\"https:\/\/yinyang-wellness.de\/wp-content\/uploads\/2025\/10\/832d32169d8673848d56ddc89b12c3b0b976a1f5.jpg 960w, https:\/\/yinyang-wellness.de\/wp-content\/uploads\/2025\/10\/832d32169d8673848d56ddc89b12c3b0b976a1f5-200x300.jpg 200w, https:\/\/yinyang-wellness.de\/wp-content\/uploads\/2025\/10\/832d32169d8673848d56ddc89b12c3b0b976a1f5-683x1024.jpg 683w, https:\/\/yinyang-wellness.de\/wp-content\/uploads\/2025\/10\/832d32169d8673848d56ddc89b12c3b0b976a1f5-768x1152.jpg 768w\" sizes=\"auto, (max-width: 960px) 100vw, 960px\" \/><\/figure>\n<\/div>\n<\/div>\n<\/div>\n<\/div>\n\n<div class=\"wp-block-group alignfull has-tertiary-background-color has-background has-global-padding is-layout-constrained wp-container-core-group-is-layout-7276a2bb wp-block-group-is-layout-constrained\" id=\"ueber-uns\" style=\"margin-top:0;margin-bottom:0;padding-top:var(--wp--preset--spacing--60);padding-right:var(--wp--preset--spacing--30);padding-bottom:var(--wp--preset--spacing--60);padding-left:var(--wp--preset--spacing--30)\">\n<div class=\"wp-block-columns alignwide is-layout-flex wp-container-core-columns-is-layout-47c06fe3 wp-block-columns-is-layout-flex\">\n<div class=\"wp-block-column is-layout-flow wp-container-core-column-is-layout-119bc444 wp-block-column-is-layout-flow\" style=\"flex-basis:60%\">\n<h2 class=\"wp-block-heading\">Balance erleben mit Yin-Yang-Wellness<\/h2>\n\n\n\n<p class=\"has-medium-font-size\" style=\"margin-top:16px\">Yin-Yang-Wellness in Dillingen f\u00f6rdert Gesundheit und innere Ruhe durch individuell abgestimmte Behandlungen nach den Prinzipien von Yin-Yang und Yangsheng.<\/p>\n\n\n\n<div class=\"wp-block-buttons is-content-justification-left is-layout-flex wp-container-core-buttons-is-layout-fc4fd283 wp-block-buttons-is-layout-flex\">\n<div class=\"wp-block-button is-style-outline is-style-outline--1\"><a class=\"wp-block-button__link wp-element-button\" href=\"https:\/\/yinyang-wellness.de\/zh\/ueber\/\">Mehr entdecken<\/a><\/div>\n<\/div>\n<\/div>\n\n\n\n<div class=\"wp-block-column is-vertically-aligned-top is-layout-flow wp-container-core-column-is-layout-f5bb311e wp-block-column-is-layout-flow\" style=\"flex-basis:50%\">\n<figure class=\"wp-block-image has-custom-border\"><img loading=\"lazy\" decoding=\"async\" width=\"960\" height=\"1440\" class=\"wp-image-65\" src=\"https:\/\/yinyang-wellness.de\/wp-content\/uploads\/2025\/10\/30b667907491448ef8a0cde510205273915b320f.jpg\" alt=\"\" style=\"border-radius:1.5rem;aspect-ratio:1;object-fit:cover\" srcset=\"https:\/\/yinyang-wellness.de\/wp-content\/uploads\/2025\/10\/30b667907491448ef8a0cde510205273915b320f.jpg 960w, https:\/\/yinyang-wellness.de\/wp-content\/uploads\/2025\/10\/30b667907491448ef8a0cde510205273915b320f-200x300.jpg 200w, https:\/\/yinyang-wellness.de\/wp-content\/uploads\/2025\/10\/30b667907491448ef8a0cde510205273915b320f-683x1024.jpg 683w, https:\/\/yinyang-wellness.de\/wp-content\/uploads\/2025\/10\/30b667907491448ef8a0cde510205273915b320f-768x1152.jpg 768w\" sizes=\"auto, (max-width: 960px) 100vw, 960px\" \/><\/figure>\n<\/div>\n<\/div>\n<\/div>\n\n<div class=\"wp-block-group alignfull has-background-background-color has-background has-global-padding is-layout-constrained wp-container-core-group-is-layout-fb85e995 wp-block-group-is-layout-constrained\" id=\"referenzen\" style=\"margin-top:0;margin-bottom:0;padding-top:var(--wp--preset--spacing--60);padding-right:var(--wp--preset--spacing--30);padding-bottom:var(--wp--preset--spacing--60);padding-left:var(--wp--preset--spacing--30)\">\n<div class=\"wp-block-group alignwide has-global-padding is-content-justification-center is-layout-constrained wp-block-group-is-layout-constrained\">\n<h2 class=\"wp-block-heading has-text-align-center has-large-font-size\">Massagen und Wellness f\u00fcr Ihre innere Balance<\/h2>\n\n\n\n<p class=\"has-text-align-center\" style=\"margin-top:16px\">Erfahrungen unserer G\u00e4ste, die die entspannende Atmosph\u00e4re und die wohltuenden Behandlungen sch\u00e4tzen.<\/p>\n<\/div>\n\n\n\n<div class=\"wp-block-columns alignwide is-layout-flex wp-container-core-columns-is-layout-28f84493 wp-block-columns-is-layout-flex\">\n<div class=\"wp-block-column is-layout-flow wp-block-column-is-layout-flow\">\n<div class=\"wp-block-group has-tertiary-background-color has-background has-global-padding is-layout-constrained wp-container-core-group-is-layout-a35945ca wp-block-group-is-layout-constrained\" style=\"border-radius:1rem;padding-top:var(--wp--preset--spacing--30);padding-right:var(--wp--preset--spacing--30);padding-bottom:var(--wp--preset--spacing--30);padding-left:var(--wp--preset--spacing--30)\">\n<figure class=\"wp-block-image size-large wp-duotone-primary-foreground\"><img decoding=\"async\" src=\"data:image\/svg+xml;base64,PHN2ZyB4bWxucz0iaHR0cDovL3d3dy53My5vcmcvMjAwMC9zdmciIHdpZHRoPSIxMTYiIGhlaWdodD0iMTkiIGZpbGw9Im5vbmUiIHZpZXdCb3g9IjAgMCAxMTYgMTkiPjxnIGNsaXAtcGF0aD0idXJsKCNhKSI+PHBhdGggZmlsbD0iIzAwMCIgZD0iTTkuMDcuNjEyYy4zNDUtLjgxNiAxLjUxNS0uODE2IDEuODYgMGwyLjAyOCA0LjgyYy4xNDUuMzQzLjQ3My41NzkuODQ5LjYwOGw1LjI2Ni40MTdjLjg5Mi4wNzEgMS4yNTQgMS4xNzEuNTc0IDEuNzQ2TDE1LjYzNSAxMS42YS45ODcuOTg3IDAgMCAwLS4zMjQuOTg1bDEuMjI1IDUuMDc3Yy4yMDguODYtLjc0IDEuNTQtMS41MDMgMS4wOGwtNC41MDgtMi43MjFhMS4wMTYgMS4wMTYgMCAwIDAtMS4wNSAwbC00LjUwOCAyLjcyYy0uNzY0LjQ2MS0xLjcxMS0uMjE5LTEuNTAzLTEuMDc5bDEuMjI1LTUuMDc3YS45ODcuOTg3IDAgMCAwLS4zMjQtLjk4NUwuMzUzIDguMjAzYy0uNjgtLjU3NS0uMzE4LTEuNjc1LjU3NC0xLjc0Nmw1LjI2Ni0uNDE3Yy4zNzctLjAzLjcwNC0uMjY1Ljg1LS42MDlMOS4wNy42MTJabTI0IDBjLjM0NS0uODE2IDEuNTE1LS44MTYgMS44NiAwbDIuMDI4IDQuODJjLjE0NS4zNDMuNDczLjU3OS44NDkuNjA4bDUuMjY2LjQxN2MuODkyLjA3MSAxLjI1NCAxLjE3MS41NzQgMS43NDZMMzkuNjM1IDExLjZhLjk4Ny45ODcgMCAwIDAtLjMyNS45ODVsMS4yMjYgNS4wNzdjLjIwOC44Ni0uNzQgMS41NC0xLjUwMyAxLjA4bC00LjUwOC0yLjcyMWExLjAxNiAxLjAxNiAwIDAgMC0xLjA1IDBsLTQuNTA4IDIuNzJjLS43NjQuNDYxLTEuNzExLS4yMTktMS41MDMtMS4wNzlsMS4yMjUtNS4wNzdhLjk4Ny45ODcgMCAwIDAtLjMyNC0uOTg1bC00LjAxMi0zLjM5NmMtLjY4LS41NzUtLjMxOC0xLjY3NS41NzQtMS43NDZsNS4yNjYtLjQxN2MuMzc2LS4wMy43MDQtLjI2NS44NDktLjYwOWwyLjAyOS00LjgyWm0yNCAwYy4zNDQtLjgxNiAxLjUxNS0uODE2IDEuODU5IDBsMi4wMjkgNC44MmMuMTQ1LjM0My40NzMuNTc5Ljg0OS42MDhsNS4yNjYuNDE3Yy44OTIuMDcxIDEuMjU0IDEuMTcxLjU3NCAxLjc0Nkw2My42MzUgMTEuNmEuOTg3Ljk4NyAwIDAgMC0uMzI1Ljk4NWwxLjIyNiA1LjA3N2MuMjA4Ljg2LS43NCAxLjU0LTEuNTAzIDEuMDhsLTQuNTA5LTIuNzIxYTEuMDE2IDEuMDE2IDAgMCAwLTEuMDQ5IDBsLTQuNTA4IDIuNzJjLS43NjQuNDYxLTEuNzExLS4yMTktMS41MDMtMS4wNzlsMS4yMjUtNS4wNzdhLjk4Ny45ODcgMCAwIDAtLjMyNC0uOTg1bC00LjAxMi0zLjM5NmMtLjY4LS41NzUtLjMxOC0xLjY3NS41NzQtMS43NDZsNS4yNjYtLjQxN2MuMzc2LS4wMy43MDQtLjI2NS44NDktLjYwOWwyLjAyOS00LjgyWm0yNCAwYy4zNDUtLjgxNiAxLjUxNS0uODE2IDEuODU5IDBsMi4wMjkgNC44MmMuMTQ1LjM0My40NzIuNTc5Ljg0OS42MDhsNS4yNjYuNDE3Yy44OTIuMDcxIDEuMjU0IDEuMTcxLjU3NCAxLjc0Nkw4Ny42MzUgMTEuNmEuOTg3Ljk4NyAwIDAgMC0uMzI1Ljk4NWwxLjIyNiA1LjA3N2MuMjA4Ljg2LS43NCAxLjU0LTEuNTAzIDEuMDhsLTQuNTA5LTIuNzIxYTEuMDE2IDEuMDE2IDAgMCAwLTEuMDQ5IDBsLTQuNTA4IDIuNzJjLS43NjQuNDYxLTEuNzExLS4yMTktMS41MDQtMS4wNzlsMS4yMjYtNS4wNzdhLjk4Ny45ODcgMCAwIDAtLjMyNC0uOTg1bC00LjAxMi0zLjM5NmMtLjY4LS41NzUtLjMxOC0xLjY3NS41NzQtMS43NDZsNS4yNjYtLjQxN2MuMzc2LS4wMy43MDQtLjI2NS44NDktLjYwOUw4MS4wNy42MTJabTI0LjAwMSAwYy4zNDMtLjgxNiAxLjUxNC0uODE2IDEuODU4IDBsMi4wMjkgNC44MmMuMTQ1LjM0My40NzIuNTc5Ljg0OC42MDhsNS4yNjYuNDE3Yy44OTMuMDcxIDEuMjU0IDEuMTcxLjU3NSAxLjc0NmwtNC4wMTIgMy4zOTZhLjk4OC45ODggMCAwIDAtLjMyNS45ODVsMS4yMjYgNS4wNzdjLjIwOC44Ni0uNzM5IDEuNTQtMS41MDMgMS4wOGwtNC41MDktMi43MjFhMS4wMTYgMS4wMTYgMCAwIDAtMS4wNDkgMGwtNC41MDggMi43MmMtLjc2NC40NjEtMS43MTEtLjIxOS0xLjUwNC0xLjA3OWwxLjIyNi01LjA3N2EuOTg1Ljk4NSAwIDAgMC0uMzI0LS45ODVsLTQuMDEyLTMuMzk2Yy0uNjgtLjU3NS0uMzE4LTEuNjc1LjU3NC0xLjc0Nmw1LjI2Ni0uNDE3Yy4zNzYtLjAzLjcwNC0uMjY1Ljg0OS0uNjA5bDIuMDI5LTQuODE5WiIvPjwvZz48ZGVmcz48Y2xpcFBhdGggaWQ9ImEiPjxwYXRoIGZpbGw9IiNmZmYiIGQ9Ik0wIDBoMTE2djE4Ljg4OUgweiIvPjwvY2xpcFBhdGg+PC9kZWZzPjwvc3ZnPg==\" alt=\"\"\/><\/figure>\n\n\n\n<p style=\"margin-top:var(--wp--preset--spacing--20);font-style:normal;font-weight:500\">Die Behandlung hat mir geholfen, K\u00f6rper und Geist in Einklang zu bringen \u2013 sehr empfehlenswert.<\/p>\n\n\n\n<div class=\"wp-block-group is-nowrap is-layout-flex wp-container-core-group-is-layout-3b4e9d3e wp-block-group-is-layout-flex\">\n<figure class=\"wp-block-image aligncenter is-style-rounded\"><img loading=\"lazy\" decoding=\"async\" width=\"64\" height=\"64\" class=\"wp-image-70\" src=\"https:\/\/yinyang-wellness.de\/wp-content\/uploads\/2025\/10\/53ae4fa5fb3dff0a42931a299d4ef29d1634d968.jpg\" alt=\"\" style=\"aspect-ratio:1;object-fit:cover\"\/><\/figure>\n\n\n\n<div class=\"wp-block-group has-global-padding is-layout-constrained wp-block-group-is-layout-constrained\">\n<h4 class=\"wp-block-heading has-small-font-size\">Anna Meier<\/h4>\n\n\n\n<p class=\"has-small-font-size\" style=\"margin-top:2px\">Grafikdesignerin<\/p>\n<\/div>\n<\/div>\n<\/div>\n<\/div>\n\n\n\n<div class=\"wp-block-column is-layout-flow wp-block-column-is-layout-flow\">\n<div class=\"wp-block-group has-tertiary-background-color has-background has-global-padding is-layout-constrained wp-container-core-group-is-layout-a35945ca wp-block-group-is-layout-constrained\" style=\"border-radius:1rem;padding-top:var(--wp--preset--spacing--30);padding-right:var(--wp--preset--spacing--30);padding-bottom:var(--wp--preset--spacing--30);padding-left:var(--wp--preset--spacing--30)\">\n<figure class=\"wp-block-image size-large wp-duotone-primary-foreground\"><img decoding=\"async\" src=\"data:image\/svg+xml;base64,PHN2ZyB4bWxucz0iaHR0cDovL3d3dy53My5vcmcvMjAwMC9zdmciIHdpZHRoPSIxMTYiIGhlaWdodD0iMTkiIGZpbGw9Im5vbmUiIHZpZXdCb3g9IjAgMCAxMTYgMTkiPjxnIGNsaXAtcGF0aD0idXJsKCNhKSI+PHBhdGggZmlsbD0iIzAwMCIgZD0iTTkuMDcuNjEyYy4zNDUtLjgxNiAxLjUxNS0uODE2IDEuODYgMGwyLjAyOCA0LjgyYy4xNDUuMzQzLjQ3My41NzkuODQ5LjYwOGw1LjI2Ni40MTdjLjg5Mi4wNzEgMS4yNTQgMS4xNzEuNTc0IDEuNzQ2TDE1LjYzNSAxMS42YS45ODcuOTg3IDAgMCAwLS4zMjQuOTg1bDEuMjI1IDUuMDc3Yy4yMDguODYtLjc0IDEuNTQtMS41MDMgMS4wOGwtNC41MDgtMi43MjFhMS4wMTYgMS4wMTYgMCAwIDAtMS4wNSAwbC00LjUwOCAyLjcyYy0uNzY0LjQ2MS0xLjcxMS0uMjE5LTEuNTAzLTEuMDc5bDEuMjI1LTUuMDc3YS45ODcuOTg3IDAgMCAwLS4zMjQtLjk4NUwuMzUzIDguMjAzYy0uNjgtLjU3NS0uMzE4LTEuNjc1LjU3NC0xLjc0Nmw1LjI2Ni0uNDE3Yy4zNzctLjAzLjcwNC0uMjY1Ljg1LS42MDlMOS4wNy42MTJabTI0IDBjLjM0NS0uODE2IDEuNTE1LS44MTYgMS44NiAwbDIuMDI4IDQuODJjLjE0NS4zNDMuNDczLjU3OS44NDkuNjA4bDUuMjY2LjQxN2MuODkyLjA3MSAxLjI1NCAxLjE3MS41NzQgMS43NDZMMzkuNjM1IDExLjZhLjk4Ny45ODcgMCAwIDAtLjMyNS45ODVsMS4yMjYgNS4wNzdjLjIwOC44Ni0uNzQgMS41NC0xLjUwMyAxLjA4bC00LjUwOC0yLjcyMWExLjAxNiAxLjAxNiAwIDAgMC0xLjA1IDBsLTQuNTA4IDIuNzJjLS43NjQuNDYxLTEuNzExLS4yMTktMS41MDMtMS4wNzlsMS4yMjUtNS4wNzdhLjk4Ny45ODcgMCAwIDAtLjMyNC0uOTg1bC00LjAxMi0zLjM5NmMtLjY4LS41NzUtLjMxOC0xLjY3NS41NzQtMS43NDZsNS4yNjYtLjQxN2MuMzc2LS4wMy43MDQtLjI2NS44NDktLjYwOWwyLjAyOS00LjgyWm0yNCAwYy4zNDQtLjgxNiAxLjUxNS0uODE2IDEuODU5IDBsMi4wMjkgNC44MmMuMTQ1LjM0My40NzMuNTc5Ljg0OS42MDhsNS4yNjYuNDE3Yy44OTIuMDcxIDEuMjU0IDEuMTcxLjU3NCAxLjc0Nkw2My42MzUgMTEuNmEuOTg3Ljk4NyAwIDAgMC0uMzI1Ljk4NWwxLjIyNiA1LjA3N2MuMjA4Ljg2LS43NCAxLjU0LTEuNTAzIDEuMDhsLTQuNTA5LTIuNzIxYTEuMDE2IDEuMDE2IDAgMCAwLTEuMDQ5IDBsLTQuNTA4IDIuNzJjLS43NjQuNDYxLTEuNzExLS4yMTktMS41MDMtMS4wNzlsMS4yMjUtNS4wNzdhLjk4Ny45ODcgMCAwIDAtLjMyNC0uOTg1bC00LjAxMi0zLjM5NmMtLjY4LS41NzUtLjMxOC0xLjY3NS41NzQtMS43NDZsNS4yNjYtLjQxN2MuMzc2LS4wMy43MDQtLjI2NS44NDktLjYwOWwyLjAyOS00LjgyWm0yNCAwYy4zNDUtLjgxNiAxLjUxNS0uODE2IDEuODU5IDBsMi4wMjkgNC44MmMuMTQ1LjM0My40NzIuNTc5Ljg0OS42MDhsNS4yNjYuNDE3Yy44OTIuMDcxIDEuMjU0IDEuMTcxLjU3NCAxLjc0Nkw4Ny42MzUgMTEuNmEuOTg3Ljk4NyAwIDAgMC0uMzI1Ljk4NWwxLjIyNiA1LjA3N2MuMjA4Ljg2LS43NCAxLjU0LTEuNTAzIDEuMDhsLTQuNTA5LTIuNzIxYTEuMDE2IDEuMDE2IDAgMCAwLTEuMDQ5IDBsLTQuNTA4IDIuNzJjLS43NjQuNDYxLTEuNzExLS4yMTktMS41MDQtMS4wNzlsMS4yMjYtNS4wNzdhLjk4Ny45ODcgMCAwIDAtLjMyNC0uOTg1bC00LjAxMi0zLjM5NmMtLjY4LS41NzUtLjMxOC0xLjY3NS41NzQtMS43NDZsNS4yNjYtLjQxN2MuMzc2LS4wMy43MDQtLjI2NS44NDktLjYwOUw4MS4wNy42MTJabTI0LjAwMSAwYy4zNDMtLjgxNiAxLjUxNC0uODE2IDEuODU4IDBsMi4wMjkgNC44MmMuMTQ1LjM0My40NzIuNTc5Ljg0OC42MDhsNS4yNjYuNDE3Yy44OTMuMDcxIDEuMjU0IDEuMTcxLjU3NSAxLjc0NmwtNC4wMTIgMy4zOTZhLjk4OC45ODggMCAwIDAtLjMyNS45ODVsMS4yMjYgNS4wNzdjLjIwOC44Ni0uNzM5IDEuNTQtMS41MDMgMS4wOGwtNC41MDktMi43MjFhMS4wMTYgMS4wMTYgMCAwIDAtMS4wNDkgMGwtNC41MDggMi43MmMtLjc2NC40NjEtMS43MTEtLjIxOS0xLjUwNC0xLjA3OWwxLjIyNi01LjA3N2EuOTg1Ljk4NSAwIDAgMC0uMzI0LS45ODVsLTQuMDEyLTMuMzk2Yy0uNjgtLjU3NS0uMzE4LTEuNjc1LjU3NC0xLjc0Nmw1LjI2Ni0uNDE3Yy4zNzYtLjAzLjcwNC0uMjY1Ljg0OS0uNjA5bDIuMDI5LTQuODE5WiIvPjwvZz48ZGVmcz48Y2xpcFBhdGggaWQ9ImEiPjxwYXRoIGZpbGw9IiNmZmYiIGQ9Ik0wIDBoMTE2djE4Ljg4OUgweiIvPjwvY2xpcFBhdGg+PC9kZWZzPjwvc3ZnPg==\" alt=\"\"\/><\/figure>\n\n\n\n<p style=\"margin-top:var(--wp--preset--spacing--20);font-style:normal;font-weight:500\">Hier sp\u00fcrt man echte Hingabe und sp\u00fcrbare Verbesserungen des Wohlbefindens nach jeder Sitzung.<\/p>\n\n\n\n<div class=\"wp-block-group is-nowrap is-layout-flex wp-container-core-group-is-layout-3b4e9d3e wp-block-group-is-layout-flex\">\n<figure class=\"wp-block-image aligncenter is-style-rounded\"><img loading=\"lazy\" decoding=\"async\" width=\"64\" height=\"64\" class=\"wp-image-71\" src=\"https:\/\/yinyang-wellness.de\/wp-content\/uploads\/2025\/10\/cbea7e72c057fcd884fcb2541878e889b1236ed0.jpg\" alt=\"\" style=\"aspect-ratio:1;object-fit:cover\"\/><\/figure>\n\n\n\n<div class=\"wp-block-group has-global-padding is-layout-constrained wp-block-group-is-layout-constrained\">\n<h4 class=\"wp-block-heading has-small-font-size\">Lukas Schmid<\/h4>\n\n\n\n<p class=\"has-small-font-size\" style=\"margin-top:2px\">Unternehmensberater<\/p>\n<\/div>\n<\/div>\n<\/div>\n<\/div>\n\n\n\n<div class=\"wp-block-column is-layout-flow wp-block-column-is-layout-flow\">\n<div class=\"wp-block-group has-tertiary-background-color has-background has-global-padding is-layout-constrained wp-container-core-group-is-layout-a35945ca wp-block-group-is-layout-constrained\" style=\"border-radius:1rem;padding-top:var(--wp--preset--spacing--30);padding-right:var(--wp--preset--spacing--30);padding-bottom:var(--wp--preset--spacing--30);padding-left:var(--wp--preset--spacing--30)\">\n<figure class=\"wp-block-image size-large wp-duotone-primary-foreground\"><img decoding=\"async\" src=\"data:image\/svg+xml;base64,PHN2ZyB4bWxucz0iaHR0cDovL3d3dy53My5vcmcvMjAwMC9zdmciIHdpZHRoPSIxMTYiIGhlaWdodD0iMTkiIGZpbGw9Im5vbmUiIHZpZXdCb3g9IjAgMCAxMTYgMTkiPjxnIGNsaXAtcGF0aD0idXJsKCNhKSI+PHBhdGggZmlsbD0iIzAwMCIgZD0iTTkuMDcuNjEyYy4zNDUtLjgxNiAxLjUxNS0uODE2IDEuODYgMGwyLjAyOCA0LjgyYy4xNDUuMzQzLjQ3My41NzkuODQ5LjYwOGw1LjI2Ni40MTdjLjg5Mi4wNzEgMS4yNTQgMS4xNzEuNTc0IDEuNzQ2TDE1LjYzNSAxMS42YS45ODcuOTg3IDAgMCAwLS4zMjQuOTg1bDEuMjI1IDUuMDc3Yy4yMDguODYtLjc0IDEuNTQtMS41MDMgMS4wOGwtNC41MDgtMi43MjFhMS4wMTYgMS4wMTYgMCAwIDAtMS4wNSAwbC00LjUwOCAyLjcyYy0uNzY0LjQ2MS0xLjcxMS0uMjE5LTEuNTAzLTEuMDc5bDEuMjI1LTUuMDc3YS45ODcuOTg3IDAgMCAwLS4zMjQtLjk4NUwuMzUzIDguMjAzYy0uNjgtLjU3NS0uMzE4LTEuNjc1LjU3NC0xLjc0Nmw1LjI2Ni0uNDE3Yy4zNzctLjAzLjcwNC0uMjY1Ljg1LS42MDlMOS4wNy42MTJabTI0IDBjLjM0NS0uODE2IDEuNTE1LS44MTYgMS44NiAwbDIuMDI4IDQuODJjLjE0NS4zNDMuNDczLjU3OS44NDkuNjA4bDUuMjY2LjQxN2MuODkyLjA3MSAxLjI1NCAxLjE3MS41NzQgMS43NDZMMzkuNjM1IDExLjZhLjk4Ny45ODcgMCAwIDAtLjMyNS45ODVsMS4yMjYgNS4wNzdjLjIwOC44Ni0uNzQgMS41NC0xLjUwMyAxLjA4bC00LjUwOC0yLjcyMWExLjAxNiAxLjAxNiAwIDAgMC0xLjA1IDBsLTQuNTA4IDIuNzJjLS43NjQuNDYxLTEuNzExLS4yMTktMS41MDMtMS4wNzlsMS4yMjUtNS4wNzdhLjk4Ny45ODcgMCAwIDAtLjMyNC0uOTg1bC00LjAxMi0zLjM5NmMtLjY4LS41NzUtLjMxOC0xLjY3NS41NzQtMS43NDZsNS4yNjYtLjQxN2MuMzc2LS4wMy43MDQtLjI2NS44NDktLjYwOWwyLjAyOS00LjgyWm0yNCAwYy4zNDQtLjgxNiAxLjUxNS0uODE2IDEuODU5IDBsMi4wMjkgNC44MmMuMTQ1LjM0My40NzMuNTc5Ljg0OS42MDhsNS4yNjYuNDE3Yy44OTIuMDcxIDEuMjU0IDEuMTcxLjU3NCAxLjc0Nkw2My42MzUgMTEuNmEuOTg3Ljk4NyAwIDAgMC0uMzI1Ljk4NWwxLjIyNiA1LjA3N2MuMjA4Ljg2LS43NCAxLjU0LTEuNTAzIDEuMDhsLTQuNTA5LTIuNzIxYTEuMDE2IDEuMDE2IDAgMCAwLTEuMDQ5IDBsLTQuNTA4IDIuNzJjLS43NjQuNDYxLTEuNzExLS4yMTktMS41MDMtMS4wNzlsMS4yMjUtNS4wNzdhLjk4Ny45ODcgMCAwIDAtLjMyNC0uOTg1bC00LjAxMi0zLjM5NmMtLjY4LS41NzUtLjMxOC0xLjY3NS41NzQtMS43NDZsNS4yNjYtLjQxN2MuMzc2LS4wMy43MDQtLjI2NS44NDktLjYwOWwyLjAyOS00LjgyWm0yNCAwYy4zNDUtLjgxNiAxLjUxNS0uODE2IDEuODU5IDBsMi4wMjkgNC44MmMuMTQ1LjM0My40NzIuNTc5Ljg0OS42MDhsNS4yNjYuNDE3Yy44OTIuMDcxIDEuMjU0IDEuMTcxLjU3NCAxLjc0Nkw4Ny42MzUgMTEuNmEuOTg3Ljk4NyAwIDAgMC0uMzI1Ljk4NWwxLjIyNiA1LjA3N2MuMjA4Ljg2LS43NCAxLjU0LTEuNTAzIDEuMDhsLTQuNTA5LTIuNzIxYTEuMDE2IDEuMDE2IDAgMCAwLTEuMDQ5IDBsLTQuNTA4IDIuNzJjLS43NjQuNDYxLTEuNzExLS4yMTktMS41MDQtMS4wNzlsMS4yMjYtNS4wNzdhLjk4Ny45ODcgMCAwIDAtLjMyNC0uOTg1bC00LjAxMi0zLjM5NmMtLjY4LS41NzUtLjMxOC0xLjY3NS41NzQtMS43NDZsNS4yNjYtLjQxN2MuMzc2LS4wMy43MDQtLjI2NS44NDktLjYwOUw4MS4wNy42MTJabTI0LjAwMSAwYy4zNDMtLjgxNiAxLjUxNC0uODE2IDEuODU4IDBsMi4wMjkgNC44MmMuMTQ1LjM0My40NzIuNTc5Ljg0OC42MDhsNS4yNjYuNDE3Yy44OTMuMDcxIDEuMjU0IDEuMTcxLjU3NSAxLjc0NmwtNC4wMTIgMy4zOTZhLjk4OC45ODggMCAwIDAtLjMyNS45ODVsMS4yMjYgNS4wNzdjLjIwOC44Ni0uNzM5IDEuNTQtMS41MDMgMS4wOGwtNC41MDktMi43MjFhMS4wMTYgMS4wMTYgMCAwIDAtMS4wNDkgMGwtNC41MDggMi43MmMtLjc2NC40NjEtMS43MTEtLjIxOS0xLjUwNC0xLjA3OWwxLjIyNi01LjA3N2EuOTg1Ljk4NSAwIDAgMC0uMzI0LS45ODVsLTQuMDEyLTMuMzk2Yy0uNjgtLjU3NS0uMzE4LTEuNjc1LjU3NC0xLjc0Nmw1LjI2Ni0uNDE3Yy4zNzYtLjAzLjcwNC0uMjY1Ljg0OS0uNjA5bDIuMDI5LTQuODE5WiIvPjwvZz48ZGVmcz48Y2xpcFBhdGggaWQ9ImEiPjxwYXRoIGZpbGw9IiNmZmYiIGQ9Ik0wIDBoMTE2djE4Ljg4OUgweiIvPjwvY2xpcFBhdGg+PC9kZWZzPjwvc3ZnPg==\" alt=\"\"\/><\/figure>\n\n\n\n<p style=\"margin-top:var(--wp--preset--spacing--20);font-style:normal;font-weight:500\">Ich habe mich vom ersten Moment an gut aufgehoben gef\u00fchlt \u2013 ein Ort der Ruhe und Erholung.<\/p>\n\n\n\n<div class=\"wp-block-group is-nowrap is-layout-flex wp-container-core-group-is-layout-3b4e9d3e wp-block-group-is-layout-flex\">\n<figure class=\"wp-block-image aligncenter is-style-rounded\"><img loading=\"lazy\" decoding=\"async\" width=\"64\" height=\"64\" class=\"wp-image-72\" src=\"https:\/\/yinyang-wellness.de\/wp-content\/uploads\/2025\/10\/0a49eda1a672a16a081a8c48174d1c1d0b0a03cd.jpg\" alt=\"\" style=\"aspect-ratio:1;object-fit:cover\"\/><\/figure>\n\n\n\n<div class=\"wp-block-group has-global-padding is-layout-constrained wp-block-group-is-layout-constrained\">\n<h4 class=\"wp-block-heading has-small-font-size\">Sophie Bauer<\/h4>\n\n\n\n<p class=\"has-small-font-size\" style=\"margin-top:2px\">Physiotherapeutin<\/p>\n<\/div>\n<\/div>\n<\/div>\n<\/div>\n<\/div>\n<\/div>","protected":false},"excerpt":{"rendered":"<p>Innere Balance durch sanfte Ber\u00fchrung erleben In dieser Galerie pr\u00e4sentieren wir ausgew\u00e4hlte Fotos, die die Harmonie und das Wohlbefinden unserer Behandlungen einfangen. Balance erleben mit Yin-Yang-Wellness Yin-Yang-Wellness in Dillingen f\u00f6rdert Gesundheit und innere Ruhe durch individuell abgestimmte Behandlungen nach den Prinzipien von Yin-Yang und Yangsheng. Massagen und Wellness f\u00fcr Ihre innere Balance Erfahrungen unserer G\u00e4ste, [&hellip;]<\/p>\n","protected":false},"author":1,"featured_media":0,"parent":0,"menu_order":0,"comment_status":"closed","ping_status":"closed","template":"page-with-title","meta":{"footnotes":""},"class_list":["post-33","page","type-page","status-publish","hentry"],"aioseo_notices":[],"_links":{"self":[{"href":"https:\/\/yinyang-wellness.de\/zh\/wp-json\/wp\/v2\/pages\/33","targetHints":{"allow":["GET"]}}],"collection":[{"href":"https:\/\/yinyang-wellness.de\/zh\/wp-json\/wp\/v2\/pages"}],"about":[{"href":"https:\/\/yinyang-wellness.de\/zh\/wp-json\/wp\/v2\/types\/page"}],"author":[{"embeddable":true,"href":"https:\/\/yinyang-wellness.de\/zh\/wp-json\/wp\/v2\/users\/1"}],"replies":[{"embeddable":true,"href":"https:\/\/yinyang-wellness.de\/zh\/wp-json\/wp\/v2\/comments?post=33"}],"version-history":[{"count":2,"href":"https:\/\/yinyang-wellness.de\/zh\/wp-json\/wp\/v2\/pages\/33\/revisions"}],"predecessor-version":[{"id":82,"href":"https:\/\/yinyang-wellness.de\/zh\/wp-json\/wp\/v2\/pages\/33\/revisions\/82"}],"wp:attachment":[{"href":"https:\/\/yinyang-wellness.de\/zh\/wp-json\/wp\/v2\/media?parent=33"}],"curies":[{"name":"wp","href":"https:\/\/api.w.org\/{rel}","templated":true}]}}