{"id":40,"date":"2025-09-10T12:54:46","date_gmt":"2025-09-10T12:54:46","guid":{"rendered":"https:\/\/yinyang-wellness.de\/faq\/"},"modified":"2025-10-23T23:10:20","modified_gmt":"2025-10-23T23:10:20","slug":"faq","status":"publish","type":"page","link":"https:\/\/yinyang-wellness.de\/zh\/faq\/","title":{"rendered":"FAQ"},"content":{"rendered":"<div class=\"wp-block-group alignfull has-background-background-color has-background has-global-padding is-layout-constrained wp-container-core-group-is-layout-7276a2bb wp-block-group-is-layout-constrained\" id=\"h\u00e4ufig-gestellte-fragen\" style=\"margin-top:0;margin-bottom:0;padding-top:var(--wp--preset--spacing--60);padding-right:var(--wp--preset--spacing--30);padding-bottom:var(--wp--preset--spacing--60);padding-left:var(--wp--preset--spacing--30)\">\n<div class=\"wp-block-columns alignwide is-layout-flex wp-container-core-columns-is-layout-714d85e9 wp-block-columns-is-layout-flex\">\n<div class=\"wp-block-column is-layout-flow wp-block-column-is-layout-flow\" style=\"flex-basis:33.33%\">\n<h2 class=\"wp-block-heading\">Balance finden durch traditionelle Yin-Yang-Massage<\/h2>\n\n\n\n<p style=\"margin-top:16px\">Hier beantworten wir Ihre wichtigsten Fragen rund um unsere Wellness- und Massageangebote in Dillingen.<\/p>\n<\/div>\n\n\n\n<div class=\"wp-block-column is-layout-flow wp-container-core-column-is-layout-f5bb311e wp-block-column-is-layout-flow\" style=\"flex-basis:66.66%\">\n<div class=\"wp-block-group has-tertiary-background-color has-background is-layout-flow wp-block-group-is-layout-flow\" style=\"border-radius:1rem;padding-top:var(--wp--preset--spacing--30);padding-right:var(--wp--preset--spacing--30);padding-bottom:var(--wp--preset--spacing--30);padding-left:var(--wp--preset--spacing--30)\">\n<h3 class=\"wp-block-heading has-medium-font-size\">Welche Vorteile bietet eine Yin-Yang-Massage?<\/h3>\n\n\n\n<p class=\"has-small-font-size\" style=\"margin-top:12px\">Unsere Yin-Yang-Massage f\u00f6rdert das Gleichgewicht von K\u00f6rper und Geist f\u00fcr mehr Wohlbefinden.<\/p>\n<\/div>\n\n\n\n<div class=\"wp-block-group has-tertiary-background-color has-background is-layout-flow wp-block-group-is-layout-flow\" style=\"border-radius:1rem;padding-top:var(--wp--preset--spacing--30);padding-right:var(--wp--preset--spacing--30);padding-bottom:var(--wp--preset--spacing--30);padding-left:var(--wp--preset--spacing--30)\">\n<h4 class=\"wp-block-heading has-medium-font-size\">Wie buche ich eine Behandlung bei Yin-Yang-Wellness?<\/h4>\n\n\n\n<p class=\"has-small-font-size\" style=\"margin-top:12px\">Sie k\u00f6nnen bequem online oder telefonisch einen Termin in unserer Praxis in Dillingen vereinbaren.<\/p>\n<\/div>\n\n\n\n<div class=\"wp-block-group has-tertiary-background-color has-background is-layout-flow wp-block-group-is-layout-flow\" style=\"border-radius:1rem;padding-top:var(--wp--preset--spacing--30);padding-right:var(--wp--preset--spacing--30);padding-bottom:var(--wp--preset--spacing--30);padding-left:var(--wp--preset--spacing--30)\">\n<h4 class=\"wp-block-heading has-medium-font-size\">Welche Hygienema\u00dfnahmen gelten w\u00e4hrend der Behandlungen?<\/h4>\n\n\n\n<p class=\"has-small-font-size\" style=\"margin-top:12px\">Wir sorgen f\u00fcr h\u00f6chste Hygienestandards, um Ihre Sicherheit und Gesundheit zu gew\u00e4hrleisten.<\/p>\n<\/div>\n\n\n\n<div class=\"wp-block-group has-tertiary-background-color has-background is-layout-flow wp-block-group-is-layout-flow\" style=\"border-radius:1rem;padding-top:var(--wp--preset--spacing--30);padding-right:var(--wp--preset--spacing--30);padding-bottom:var(--wp--preset--spacing--30);padding-left:var(--wp--preset--spacing--30)\">\n<h4 class=\"wp-block-heading has-medium-font-size\">Sind die Behandlungen auch f\u00fcr Anf\u00e4nger geeignet?<\/h4>\n\n\n\n<p class=\"has-small-font-size\" style=\"margin-top:12px\">Ja, unsere Angebote sind individuell anpassbar und f\u00fcr jede Erfahrungsstufe geeignet.<\/p>\n<\/div>\n<\/div>\n<\/div>\n<\/div>\n\n<div class=\"wp-block-group alignfull has-tertiary-background-color has-background has-global-padding is-layout-constrained wp-container-core-group-is-layout-7276a2bb wp-block-group-is-layout-constrained\" id=\"ueber-uns\" style=\"margin-top:0;margin-bottom:0;padding-top:var(--wp--preset--spacing--60);padding-right:var(--wp--preset--spacing--30);padding-bottom:var(--wp--preset--spacing--60);padding-left:var(--wp--preset--spacing--30)\">\n<div class=\"wp-block-columns alignwide is-layout-flex wp-container-core-columns-is-layout-47c06fe3 wp-block-columns-is-layout-flex\">\n<div class=\"wp-block-column is-layout-flow wp-container-core-column-is-layout-119bc444 wp-block-column-is-layout-flow\" style=\"flex-basis:60%\">\n<h2 class=\"wp-block-heading\">Harmonie erleben mit Yin-Yang-Wellness<\/h2>\n\n\n\n<p class=\"has-medium-font-size\" style=\"margin-top:16px\">Yin-Yang-Wellness f\u00f6rdert Balance und innere Ruhe, indem wir individuell abgestimmte Wellness- und Massageangebote f\u00fcr Gesundheit und Wohlbefinden in Dillingen bereitstellen.<\/p>\n<\/div>\n\n\n\n<div class=\"wp-block-column is-vertically-aligned-top is-layout-flow wp-container-core-column-is-layout-f5bb311e wp-block-column-is-layout-flow\" style=\"flex-basis:50%\"><\/div>\n<\/div>\n\n\n\n<div class=\"wp-block-cover alignwide\" style=\"border-radius:1.5rem;min-height:30vh;aspect-ratio:unset;\"><img loading=\"lazy\" decoding=\"async\" width=\"960\" height=\"1440\" class=\"wp-block-cover__image-background wp-image-87\" alt=\"\" src=\"https:\/\/yinyang-wellness.de\/wp-content\/uploads\/2025\/10\/7f8e30727539b2ad0f2c3f702474df75f88ca1bf.jpg\" data-object-fit=\"cover\" srcset=\"https:\/\/yinyang-wellness.de\/wp-content\/uploads\/2025\/10\/7f8e30727539b2ad0f2c3f702474df75f88ca1bf.jpg 960w, https:\/\/yinyang-wellness.de\/wp-content\/uploads\/2025\/10\/7f8e30727539b2ad0f2c3f702474df75f88ca1bf-200x300.jpg 200w, https:\/\/yinyang-wellness.de\/wp-content\/uploads\/2025\/10\/7f8e30727539b2ad0f2c3f702474df75f88ca1bf-683x1024.jpg 683w, https:\/\/yinyang-wellness.de\/wp-content\/uploads\/2025\/10\/7f8e30727539b2ad0f2c3f702474df75f88ca1bf-768x1152.jpg 768w\" sizes=\"auto, (max-width: 960px) 100vw, 960px\" \/><span aria-hidden=\"true\" class=\"wp-block-cover__background has-background-dim-0 has-background-dim\"><\/span><div class=\"wp-block-cover__inner-container is-layout-flow wp-block-cover-is-layout-flow\">\n<div style=\"height:100px\" aria-hidden=\"true\" class=\"wp-block-spacer\"><\/div>\n<\/div><\/div>\n<\/div>\n\n<div class=\"wp-block-group alignfull has-background-background-color has-background has-global-padding is-layout-constrained wp-block-group-is-layout-constrained\" style=\"margin-top:0;margin-bottom:0;padding-top:var(--wp--preset--spacing--60);padding-bottom:var(--wp--preset--spacing--60)\">\n<div class=\"wp-block-columns alignwide are-vertically-aligned-center has-tertiary-background-color has-background is-layout-flex wp-container-core-columns-is-layout-55a977bd wp-block-columns-is-layout-flex\" style=\"border-radius:1.5rem;padding-top:var(--wp--preset--spacing--40);padding-right:var(--wp--preset--spacing--40);padding-bottom:var(--wp--preset--spacing--40);padding-left:var(--wp--preset--spacing--40)\">\n<div class=\"wp-block-column is-vertically-aligned-center is-layout-flow wp-block-column-is-layout-flow\" style=\"flex-basis:40%\">\n<figure class=\"wp-block-image has-custom-border\"><img loading=\"lazy\" decoding=\"async\" width=\"960\" height=\"1440\" class=\"wp-image-65\" src=\"https:\/\/yinyang-wellness.de\/wp-content\/uploads\/2025\/10\/30b667907491448ef8a0cde510205273915b320f.jpg\" alt=\"\" style=\"border-radius:1.5rem;aspect-ratio:1;object-fit:cover\" srcset=\"https:\/\/yinyang-wellness.de\/wp-content\/uploads\/2025\/10\/30b667907491448ef8a0cde510205273915b320f.jpg 960w, https:\/\/yinyang-wellness.de\/wp-content\/uploads\/2025\/10\/30b667907491448ef8a0cde510205273915b320f-200x300.jpg 200w, https:\/\/yinyang-wellness.de\/wp-content\/uploads\/2025\/10\/30b667907491448ef8a0cde510205273915b320f-683x1024.jpg 683w, https:\/\/yinyang-wellness.de\/wp-content\/uploads\/2025\/10\/30b667907491448ef8a0cde510205273915b320f-768x1152.jpg 768w\" sizes=\"auto, (max-width: 960px) 100vw, 960px\" \/><\/figure>\n<\/div>\n\n\n\n<div class=\"wp-block-column is-vertically-aligned-center is-layout-flow wp-block-column-is-layout-flow\" style=\"flex-basis:50%\">\n<div class=\"wp-block-group has-global-padding is-content-justification-left is-layout-constrained wp-container-core-group-is-layout-cdff7eec wp-block-group-is-layout-constrained\" style=\"padding-top:var(--wp--preset--spacing--30);padding-right:0;padding-bottom:var(--wp--preset--spacing--30);padding-left:0\">\n<h2 class=\"wp-block-heading\" style=\"margin-top:12px\">Wellness und Balance in Dillingen genie\u00dfen<\/h2>\n\n\n\n<p class=\"has-medium-font-size\" style=\"margin-top:16px\">Finden Sie Ihre innere Harmonie \u2013 buchen Sie noch heute eine individuell abgestimmte Behandlung bei Yin-Yang-Wellness und erleben Sie nachhaltiges Wohlbefinden.<\/p>\n\n\n\n<div class=\"wp-block-buttons is-layout-flex wp-container-core-buttons-is-layout-12dcd427 wp-block-buttons-is-layout-flex\" style=\"margin-top:var(--wp--preset--spacing--40)\">\n<div class=\"wp-block-button\"><a class=\"wp-block-button__link wp-element-button\" href=\"https:\/\/yinyang-wellness.de\/zh\/start\/\">Mehr entdecken<\/a><\/div>\n<\/div>\n<\/div>\n<\/div>\n<\/div>\n<\/div>","protected":false},"excerpt":{"rendered":"<p>Balance finden durch traditionelle Yin-Yang-Massage Hier beantworten wir Ihre wichtigsten Fragen rund um unsere Wellness- und Massageangebote in Dillingen. Welche Vorteile bietet eine Yin-Yang-Massage? Unsere Yin-Yang-Massage f\u00f6rdert das Gleichgewicht von K\u00f6rper und Geist f\u00fcr mehr Wohlbefinden. Wie buche ich eine Behandlung bei Yin-Yang-Wellness? Sie k\u00f6nnen bequem online oder telefonisch einen Termin in unserer Praxis in [&hellip;]<\/p>\n","protected":false},"author":1,"featured_media":0,"parent":0,"menu_order":0,"comment_status":"closed","ping_status":"closed","template":"page-with-title","meta":{"footnotes":""},"class_list":["post-40","page","type-page","status-publish","hentry"],"aioseo_notices":[],"_links":{"self":[{"href":"https:\/\/yinyang-wellness.de\/zh\/wp-json\/wp\/v2\/pages\/40","targetHints":{"allow":["GET"]}}],"collection":[{"href":"https:\/\/yinyang-wellness.de\/zh\/wp-json\/wp\/v2\/pages"}],"about":[{"href":"https:\/\/yinyang-wellness.de\/zh\/wp-json\/wp\/v2\/types\/page"}],"author":[{"embeddable":true,"href":"https:\/\/yinyang-wellness.de\/zh\/wp-json\/wp\/v2\/users\/1"}],"replies":[{"embeddable":true,"href":"https:\/\/yinyang-wellness.de\/zh\/wp-json\/wp\/v2\/comments?post=40"}],"version-history":[{"count":2,"href":"https:\/\/yinyang-wellness.de\/zh\/wp-json\/wp\/v2\/pages\/40\/revisions"}],"predecessor-version":[{"id":95,"href":"https:\/\/yinyang-wellness.de\/zh\/wp-json\/wp\/v2\/pages\/40\/revisions\/95"}],"wp:attachment":[{"href":"https:\/\/yinyang-wellness.de\/zh\/wp-json\/wp\/v2\/media?parent=40"}],"curies":[{"name":"wp","href":"https:\/\/api.w.org\/{rel}","templated":true}]}}