{"id":42,"date":"2025-09-10T12:54:57","date_gmt":"2025-09-10T12:54:57","guid":{"rendered":"https:\/\/yinyang-wellness.de\/impressum\/"},"modified":"2026-03-12T08:41:16","modified_gmt":"2026-03-12T08:41:16","slug":"impressum","status":"publish","type":"page","link":"https:\/\/yinyang-wellness.de\/zh\/impressum\/","title":{"rendered":"Impressum"},"content":{"rendered":"<div class=\"wp-block-group alignfull has-background-background-color has-background has-global-padding is-layout-constrained wp-container-core-group-is-layout-adba22f5 wp-block-group-is-layout-constrained\" style=\"margin-top:0;margin-bottom:0;padding-top:var(--wp--preset--spacing--60);padding-bottom:var(--wp--preset--spacing--60)\">\n<p> <strong>Website-Betreiber:<\/strong><br> Yinyang Wellness YuFlo UG (haftungsbeschr\u00e4nkt)<br> K\u00f6nigstra\u00dfe 9<br> 89407 Dillingen an der Donau<br> Deutschland<br><br> <strong>Kontaktinformationen:<\/strong><br> Telefon: 09071 \/ 708 98 93 <br> E-Mail: info@yinyang-wellness.de<br> Website: www.yinyang-wellness.de<br> Instagram: @yinyang_well<br><br> <strong>Vertretungsberechtigte Personen<\/strong>:<br> Gesch\u00e4ftsf\u00fchrer Florian Zille und Gesch\u00e4ftsf\u00fchrerin Quiyun Yu<br><br> <strong>Unternehmensregistrierung:<\/strong><br> Registergericht: Augsburg<br> Handelsregisternummer: HRB 41698<br> Umsatzsteuer-ID gem\u00e4\u00df \u00a7 27a UStG: DE457348024<br> Steuernummer: 152\/143\/10039<br><br> <strong>Letzte Aktualisierung:<\/strong><br> 26.10.2025<\/p>\n<\/div>","protected":false},"excerpt":{"rendered":"<p>Website-Betreiber: Yinyang Wellness YuFlo UG (haftungsbeschr\u00e4nkt) K\u00f6nigstra\u00dfe 9 89407 Dillingen an der Donau Deutschland Kontaktinformationen: Telefon: 09071 \/ 708 98 93 E-Mail: info@yinyang-wellness.de Website: www.yinyang-wellness.de Instagram: @yinyang_well Vertretungsberechtigte Personen: Gesch\u00e4ftsf\u00fchrer Florian Zille und Gesch\u00e4ftsf\u00fchrerin Quiyun Yu Unternehmensregistrierung: Registergericht: Augsburg Handelsregisternummer: HRB 41698 Umsatzsteuer-ID gem\u00e4\u00df \u00a7 27a UStG: DE457348024 Steuernummer: 152\/143\/10039 Letzte Aktualisierung: 26.10.2025<\/p>","protected":false},"author":1,"featured_media":0,"parent":0,"menu_order":0,"comment_status":"closed","ping_status":"closed","template":"page-with-title","meta":{"footnotes":""},"class_list":["post-42","page","type-page","status-publish","hentry"],"aioseo_notices":[],"_links":{"self":[{"href":"https:\/\/yinyang-wellness.de\/zh\/wp-json\/wp\/v2\/pages\/42","targetHints":{"allow":["GET"]}}],"collection":[{"href":"https:\/\/yinyang-wellness.de\/zh\/wp-json\/wp\/v2\/pages"}],"about":[{"href":"https:\/\/yinyang-wellness.de\/zh\/wp-json\/wp\/v2\/types\/page"}],"author":[{"embeddable":true,"href":"https:\/\/yinyang-wellness.de\/zh\/wp-json\/wp\/v2\/users\/1"}],"replies":[{"embeddable":true,"href":"https:\/\/yinyang-wellness.de\/zh\/wp-json\/wp\/v2\/comments?post=42"}],"version-history":[{"count":5,"href":"https:\/\/yinyang-wellness.de\/zh\/wp-json\/wp\/v2\/pages\/42\/revisions"}],"predecessor-version":[{"id":105,"href":"https:\/\/yinyang-wellness.de\/zh\/wp-json\/wp\/v2\/pages\/42\/revisions\/105"}],"wp:attachment":[{"href":"https:\/\/yinyang-wellness.de\/zh\/wp-json\/wp\/v2\/media?parent=42"}],"curies":[{"name":"wp","href":"https:\/\/api.w.org\/{rel}","templated":true}]}}